{"id":1099,"date":"2026-01-23T12:03:40","date_gmt":"2026-01-23T11:03:40","guid":{"rendered":"https:\/\/isbdeutschland.wordpress.com\/?page_id=1099"},"modified":"2026-01-23T12:03:40","modified_gmt":"2026-01-23T11:03:40","slug":"waffen-ausruestung","status":"publish","type":"page","link":"https:\/\/isb-deutschland.com\/de\/wissenswertes\/waffen-ausruestung\/","title":{"rendered":"Waffen &amp; Ausr\u00fcstung"},"content":{"rendered":"\n<div class=\"wp-block-group alignfull has-base-2-color has-text-color has-background has-link-color wp-elements-fc1cf73a1992767ca5b5c76fd7d727cf has-global-padding is-content-justification-center is-layout-constrained wp-container-core-group-is-layout-705b6eb7 wp-block-group-is-layout-constrained\" style=\"background-color:#564744;margin-top:0;margin-bottom:0;padding-top:var(--wp--preset--spacing--10);padding-right:var(--wp--preset--spacing--10);padding-bottom:var(--wp--preset--spacing--10);padding-left:var(--wp--preset--spacing--10)\">\n<div class=\"wp-block-group alignwide is-vertical is-content-justification-center is-layout-flex wp-container-core-group-is-layout-8eead05a wp-block-group-is-layout-flex\" style=\"margin-top:0;margin-bottom:0;padding-top:0;padding-right:0;padding-bottom:0;padding-left:0\">\n<p>Tipps rund um Waffenmodelle, Magazine und weitere Ausr\u00fcstung f\u00fcr Sportsch\u00fctzen, J\u00e4ger und Berufswaffentr\u00e4ger.<\/p>\n\n\n\n<p><em>Coming soon<\/em><\/p>\n<\/div>\n<\/div>\n\n\n\n\n\n<div class=\"wp-block-cover alignfull is-light has-parallax\" style=\"padding-top:0;padding-right:0;padding-bottom:0;padding-left:0;min-height:50px;aspect-ratio:unset;\"><div class=\"wp-block-cover__image-background wp-image-758 size-full has-parallax\" style=\"background-position:50% 50%;background-image:url(https:\/\/isbdeutschland.wordpress.com\/wp-content\/uploads\/2026\/05\/signal-2024-10-08-112216_008.jpeg)\"><\/div><span aria-hidden=\"true\" class=\"wp-block-cover__background has-base-background-color has-background-dim-70 has-background-dim\"><\/span><div class=\"wp-block-cover__inner-container has-global-padding is-layout-constrained wp-container-core-cover-is-layout-dedbb937 wp-block-cover-is-layout-constrained\">\n<div style=\"height:23px\" aria-hidden=\"true\" class=\"wp-block-spacer\"><\/div>\n<\/div><\/div>\n\n\n\n\n\n<div class=\"wp-block-cover alignfull is-light has-parallax\" style=\"margin-top:0;margin-bottom:0;padding-top:0;padding-right:0;padding-bottom:0;padding-left:0;min-height:78px;aspect-ratio:unset;\"><div class=\"wp-block-cover__image-background wp-image-758 size-full has-parallax\" style=\"background-position:50% 50%;background-image:url(https:\/\/isbdeutschland.wordpress.com\/wp-content\/uploads\/2026\/05\/signal-2024-10-08-112216_008.jpeg)\"><\/div><span aria-hidden=\"true\" class=\"wp-block-cover__background has-base-background-color has-background-dim-70 has-background-dim\"><\/span><div class=\"wp-block-cover__inner-container has-global-padding is-layout-constrained wp-container-core-cover-is-layout-c3ac5a90 wp-block-cover-is-layout-constrained\">\n<div style=\"height:35px\" aria-hidden=\"true\" class=\"wp-block-spacer\"><\/div>\n<\/div><\/div>\n","protected":false},"excerpt":{"rendered":"<p>Tipps rund um Waffenmodelle, Magazine und weitere Ausr\u00fcstung f\u00fcr Sportsch\u00fctzen, J\u00e4ger und Berufswaffentr\u00e4ger. Coming soon Ausnahmegenehmigungen f\u00fcr Standardmagazine f\u00fcr Langwaffen Das deutsche Waffenrecht stuft Standardmagazine f\u00fcr Langwaffen \u00fcber 10 Schuss sowie Kurzwaffenmagazine \u00fcber 20 Schuss seit 2021 als verboten ein. F\u00fcr viele Sportsch\u00fctzen bedeutet das gro\u00dfe Schwierigkeiten bei internationalen Wettk\u00e4mpfen. Dieser Artikel erkl\u00e4rt, wie Sportsch\u00fctzen [&hellip;]<\/p>\n","protected":false},"author":1,"featured_media":0,"parent":36,"menu_order":0,"comment_status":"closed","ping_status":"closed","template":"","meta":{"footnotes":""},"class_list":["post-1099","page","type-page","status-publish","hentry"],"_links":{"self":[{"href":"https:\/\/isb-deutschland.com\/de\/wp-json\/wp\/v2\/pages\/1099","targetHints":{"allow":["GET"]}}],"collection":[{"href":"https:\/\/isb-deutschland.com\/de\/wp-json\/wp\/v2\/pages"}],"about":[{"href":"https:\/\/isb-deutschland.com\/de\/wp-json\/wp\/v2\/types\/page"}],"author":[{"embeddable":true,"href":"https:\/\/isb-deutschland.com\/de\/wp-json\/wp\/v2\/users\/1"}],"replies":[{"embeddable":true,"href":"https:\/\/isb-deutschland.com\/de\/wp-json\/wp\/v2\/comments?post=1099"}],"version-history":[{"count":0,"href":"https:\/\/isb-deutschland.com\/de\/wp-json\/wp\/v2\/pages\/1099\/revisions"}],"up":[{"embeddable":true,"href":"https:\/\/isb-deutschland.com\/de\/wp-json\/wp\/v2\/pages\/36"}],"wp:attachment":[{"href":"https:\/\/isb-deutschland.com\/de\/wp-json\/wp\/v2\/media?parent=1099"}],"curies":[{"name":"wp","href":"https:\/\/api.w.org\/{rel}","templated":true}]}}