{"id":1117,"date":"2026-01-24T20:14:24","date_gmt":"2026-01-24T19:14:24","guid":{"rendered":"https:\/\/isbdeutschland.wordpress.com\/?page_id=1117"},"modified":"2026-01-24T20:14:24","modified_gmt":"2026-01-24T19:14:24","slug":"media","status":"publish","type":"page","link":"https:\/\/isb-deutschland.com\/de\/media\/","title":{"rendered":"Media"},"content":{"rendered":"\n<div class=\"wp-block-group alignfull has-base-2-color has-text-color has-background has-link-color wp-elements-287c570553845152fc3c8663566a9d58 has-global-padding is-layout-constrained wp-container-core-group-is-layout-9597dc02 wp-block-group-is-layout-constrained\" style=\"background-color:#564744;padding-top:var(--wp--preset--spacing--10);padding-right:var(--wp--preset--spacing--10);padding-bottom:var(--wp--preset--spacing--10);padding-left:var(--wp--preset--spacing--10)\">\n<div class=\"wp-block-group alignwide is-vertical is-layout-flex wp-container-core-group-is-layout-fe9cc265 wp-block-group-is-layout-flex\">\n<p>Willkommen im Media-Bereich des ISB-D.<br>Hier findest du alle wichtigen Dokumente, Vorlagen und Ordnungen \u00fcbersichtlich an einem Ort zusammengestellt.<\/p>\n<\/div>\n<\/div>\n\n\n\n<div class=\"wp-block-group is-vertical is-layout-flex wp-container-core-group-is-layout-af292921 wp-block-group-is-layout-flex\" style=\"margin-top:var(--wp--preset--spacing--20);margin-bottom:var(--wp--preset--spacing--20)\">\n<h2 class=\"wp-block-heading has-open-sans-font-family\">Sportordnung des Internationalen Sch\u00fctzenbundes Deutschland<\/h2>\n\n\n\n<p>Die offiziellen Regeln f\u00fcr Training, Wettk\u00e4mpfe und sportliche Abl\u00e4ufe im ISB-D. Immer aktuell, transparent und f\u00fcr alle Mitglieder frei zug\u00e4nglich.<br>Informationen rund um die laufende Anerkennung der Sportordnung, als Teil der Anerkennung als Sch\u00fctzenverband, findest du in diesem Artikel: <a href=\"https:\/\/isbdeutschland.wordpress.com\/2026\/05\/24\/anerkennung-als-schutzenverband\/\">Anerkennung als Sch\u00fctzenverband durch das BVA<\/a><\/p>\n\n\n\n<div class=\"wp-block-buttons is-layout-flex wp-block-buttons-is-layout-flex\">\n<div class=\"wp-block-button\"><a class=\"wp-block-button__link has-base-2-color has-text-color has-background has-link-color wp-element-button\" href=\"https:\/\/isbdeutschland.wordpress.com\/media\/sportordnung\/\" style=\"background-color:#21a8e1\"><strong>Zur Sportordnung<\/strong><\/a><\/div>\n<\/div>\n<\/div>\n\n\n\n<div class=\"wp-block-group is-vertical is-layout-flex wp-container-core-group-is-layout-af292921 wp-block-group-is-layout-flex\" style=\"margin-top:var(--wp--preset--spacing--20);margin-bottom:var(--wp--preset--spacing--20)\">\n<h2 class=\"wp-block-heading has-open-sans-font-family\">Ergebnislisten aller ISB-D Wettk\u00e4mpfe<\/h2>\n\n\n\n<p>Hier findest du alle Ergebnislisten unserer vergangenen Wettk\u00e4mpfe und Veranstaltungen: schnell und \u00fcbersichtlich als PDF verf\u00fcgbar.<\/p>\n\n\n\n<div class=\"wp-block-buttons is-layout-flex wp-block-buttons-is-layout-flex\">\n<div class=\"wp-block-button\"><a class=\"wp-block-button__link has-base-2-color has-text-color has-background has-link-color wp-element-button\" href=\"https:\/\/isbdeutschland.wordpress.com\/media\/ergebnislisten\/\" style=\"background-color:#21a8e1\"><strong>Zu den Ergebnislisten<\/strong><\/a><\/div>\n<\/div>\n<\/div>\n\n\n\n<div class=\"wp-block-group is-vertical is-layout-flex wp-container-core-group-is-layout-af292921 wp-block-group-is-layout-flex\" style=\"margin-top:var(--wp--preset--spacing--20);margin-bottom:var(--wp--preset--spacing--20)\">\n<h2 class=\"wp-block-heading has-open-sans-font-family\">Formbl\u00e4tter &amp; Vorlagen<\/h2>\n\n\n\n<p>Alle offiziellen Formulare f\u00fcr Mitglieder und Vereine \u2013 schnell verf\u00fcgbar, jederzeit abrufbar.<\/p>\n\n\n\n<ul class=\"wp-block-list\">\n<li><strong>Beitrittserkl\u00e4rung<\/strong> (Einzelpersonen)<\/li>\n\n\n\n<li><strong>Beitrittserkl\u00e4rung<\/strong> (Vereine)<\/li>\n\n\n\n<li><strong>Formblatt Waffenverleih an Nicht-WBK-Inhaber<\/strong><\/li>\n\n\n\n<li><strong>Weitere Dokumente<\/strong> im Mitgliederportal<\/li>\n<\/ul>\n<\/div>\n\n\n\n<div class=\"wp-block-group is-vertical is-layout-flex wp-container-core-group-is-layout-af292921 wp-block-group-is-layout-flex\" style=\"margin-top:var(--wp--preset--spacing--20);margin-bottom:var(--wp--preset--spacing--20)\">\n<h2 class=\"wp-block-heading has-inter-font-family\">Ordnungen &amp; Regelwerke<\/h2>\n\n\n\n<p>Die aktuell g\u00fcltigen Ordnungen des ISB-D:<\/p>\n\n\n\n<ul class=\"wp-block-list\">\n<li><strong>Sportordnung<\/strong> <a href=\"https:\/\/isbdeutschland.wordpress.com\/media\/sportordnung\/\">\u2192 <em>Zur Sportordnung<\/em><\/a><\/li>\n\n\n\n<li><strong>Beitragsordnung<\/strong><\/li>\n<\/ul>\n<\/div>\n","protected":false},"excerpt":{"rendered":"<p>Willkommen im Media-Bereich des ISB-D.Hier findest du alle wichtigen Dokumente, Vorlagen und Ordnungen \u00fcbersichtlich an einem Ort zusammengestellt. Sportordnung des Internationalen Sch\u00fctzenbundes Deutschland Die offiziellen Regeln f\u00fcr Training, Wettk\u00e4mpfe und sportliche Abl\u00e4ufe im ISB-D. Immer aktuell, transparent und f\u00fcr alle Mitglieder frei zug\u00e4nglich.Informationen rund um die laufende Anerkennung der Sportordnung, als Teil der Anerkennung als [&hellip;]<\/p>\n","protected":false},"author":1,"featured_media":0,"parent":0,"menu_order":0,"comment_status":"closed","ping_status":"closed","template":"","meta":{"footnotes":""},"class_list":["post-1117","page","type-page","status-publish","hentry"],"_links":{"self":[{"href":"https:\/\/isb-deutschland.com\/de\/wp-json\/wp\/v2\/pages\/1117","targetHints":{"allow":["GET"]}}],"collection":[{"href":"https:\/\/isb-deutschland.com\/de\/wp-json\/wp\/v2\/pages"}],"about":[{"href":"https:\/\/isb-deutschland.com\/de\/wp-json\/wp\/v2\/types\/page"}],"author":[{"embeddable":true,"href":"https:\/\/isb-deutschland.com\/de\/wp-json\/wp\/v2\/users\/1"}],"replies":[{"embeddable":true,"href":"https:\/\/isb-deutschland.com\/de\/wp-json\/wp\/v2\/comments?post=1117"}],"version-history":[{"count":0,"href":"https:\/\/isb-deutschland.com\/de\/wp-json\/wp\/v2\/pages\/1117\/revisions"}],"wp:attachment":[{"href":"https:\/\/isb-deutschland.com\/de\/wp-json\/wp\/v2\/media?parent=1117"}],"curies":[{"name":"wp","href":"https:\/\/api.w.org\/{rel}","templated":true}]}}