{"id":1131,"date":"2026-01-24T20:38:01","date_gmt":"2026-01-24T19:38:01","guid":{"rendered":"https:\/\/isbdeutschland.wordpress.com\/?page_id=1131"},"modified":"2026-05-07T19:01:06","modified_gmt":"2026-05-07T19:01:06","slug":"unsere-vereine","status":"publish","type":"page","link":"https:\/\/isb-deutschland.com\/de\/unsere-vereine\/","title":{"rendered":"Unsere Vereine"},"content":{"rendered":"\n<div class=\"wp-block-group alignfull has-base-2-color has-text-color has-background has-link-color wp-elements-bfdcd1dd91a3d74fef526fd56d250e95 has-global-padding is-layout-constrained wp-block-group-is-layout-constrained\" style=\"background-color:#564744;padding-top:var(--wp--preset--spacing--10);padding-bottom:var(--wp--preset--spacing--10)\">\n<div class=\"wp-block-group alignwide has-global-padding is-content-justification-left is-layout-constrained wp-container-core-group-is-layout-12dd3699 wp-block-group-is-layout-constrained\">\n<p class=\"has-open-sans-font-family\">Finde ganz einfach einen ISB-D Verein in deiner N\u00e4he.<\/p>\n<\/div>\n<\/div>\n\n\n\n<p class=\"has-open-sans-font-family\">Unsere deutschlandweite Sch\u00fctzengemeinschaft w\u00e4chst stetig: Von D\u00e4nischhagen in Schleswig-Holstein bis M\u00fcnchen, von D\u00fcsseldorf bis in den Ostharz. Hier findest du alle aktuellen ISB-D Vereine und Standorte, damit du schnell und unkompliziert den passenden Verein in deiner Region findest. <br>Um den Verein zu kontaktieren schaue in der Tabelle nach. Dort findest du die E-Mail Adresse.<\/p>\n\n\n\n<p class=\"has-open-sans-font-family\">Wir aktualisieren diese Liste kontinuierlich und sind noch im Wachstum begriffen. <em>(Stand 24.01.2026)<\/em><\/p>\n\n\n\n<div class=\"wp-block-group alignfull has-global-padding is-layout-constrained wp-block-group-is-layout-constrained\" style=\"padding-top:0;padding-bottom:0\">\n<div class=\"wp-block-group alignwide has-background is-nowrap is-layout-flex wp-container-core-group-is-layout-cbd023f1 wp-block-group-is-layout-flex\" style=\"background-color:#84b5de;padding-top:var(--wp--preset--spacing--10);padding-right:var(--wp--preset--spacing--10);padding-bottom:var(--wp--preset--spacing--10);padding-left:var(--wp--preset--spacing--10)\">\n<p class=\"has-text-align-left has-base-2-color has-text-color has-link-color has-open-sans-font-family wp-elements-dde1648b67581aecbea15f60a9128606\" style=\"border-style:none;border-width:0px;margin-top:0;margin-right:0;margin-bottom:0;margin-left:0;padding-top:0;padding-right:0;padding-bottom:0;padding-left:0\">Du leitest selbst einen Verein und m\u00f6chtest Teil des ISB-D werden?<br><strong>Melde dich bei uns \u2013 wir freuen uns auf jede Verst\u00e4rkung!<\/strong> <strong><a href=\"mailto:beitritt@isb-deutschland.com\">beitritt@isb-deutschland.com<\/a><\/strong><\/p>\n<\/div>\n<\/div>\n\n\n\n<h2 class=\"wp-block-heading has-open-sans-font-family\">Unserer Vereine<\/h2>\n\n\n\n<figure class=\"wp-block-table\"><table class=\"has-fixed-layout\"><thead><tr><th>Verein<\/th><th>Bundesland<\/th><th>Ort<\/th><th>Kontakt per Mail<\/th><\/tr><\/thead><tbody><tr><td><strong>Sch\u00fctzenfreunde Schlierbach e.V.<\/strong><\/td><td>Baden W\u00fcrttemberg<\/td><td>73278 Schlierbach<\/td><td><a href=\"mailto:andy.knappik@arcor.de\">andy.knappik@arcor.de<\/a><\/td><\/tr><tr><td><strong>MRK 1856 Pappenheim<\/strong><\/td><td>Bayern<\/td><td>91807 Solnhofen<\/td><td><a href=\"mailto:vorstand@reservisten-pappenheim.de\">vorstand@reservisten-pappenheim.de<\/a><\/td><\/tr><tr><td><strong>Reservistenverein Bavaria M\u00fcnchen<\/strong><\/td><td>Bayern<\/td><td>80689 M\u00fcnchen<\/td><td><a href=\"mailto:rv-bavaria-muenchen@gmx.net\">rv-bavaria-muenchen@gmx.net<\/a><\/td><\/tr><tr><td><strong>SLG GunGnir e.V.<\/strong><\/td><td>Bayern<\/td><td>89264 Wei\u00dfenhorn<\/td><td><a href=\"mailto:slg.gungnir@gmail.com\">slg.gungnir@gmail.com<\/a><\/td><\/tr><tr><td><strong>Triple S<\/strong><\/td><td>Bayern<\/td><td>97424 Schweinfurt<\/td><td><a href=\"mailto:triple.s.verein@gmail.com\">triple.s.verein@gmail.com<\/a><\/td><\/tr><tr><td><strong>Precision Group Waldeck<\/strong><\/td><td>Hessen<\/td><td>34477 Twistetal<\/td><td><a href=\"mailto:precision.group.waldeck@gmail.com\">precision.group.waldeck@gmail.com<\/a><\/td><\/tr><tr><td><strong>Gun Shooter Group 4 e.V.<\/strong><\/td><td>Nordrhein Westfalen<\/td><td>49497 Mettingen<\/td><td><a href=\"mailto:vorstand@gsg4.de\">vorstand@gsg4.de<\/a><\/td><\/tr><tr><td><strong>Sch\u00fctzen &#8211; Team 6 &#8211; D\u00fcsseldorf<\/strong><\/td><td>Nordrhein Westfalen<\/td><td>40591 D\u00fcsseldorf<\/td><td><a href=\"mailto:driver-930@outlook.de\">driver-930@outlook.de<\/a><\/td><\/tr><tr><td><strong>SLG Euregio GK<\/strong><\/td><td>Nordrhein Westfalen<\/td><td>52511 Geilenkirchen<\/td><td><a href=\"mailto:swen-ringeisen@web.de\">swen-ringeisen@web.de<\/a><\/td><\/tr><tr><td><strong>Sportsch\u00fctzengruppe Medebach<\/strong> (SSG Medebach)<\/td><td>Nordrhein Westfalen<\/td><td>59964 Medebach<\/td><td><a href=\"mailto:gefue_vorstand@ssg-medebach.de\">gefue_vorstand@ssg-medebach.de<\/a><\/td><\/tr><tr><td><strong>Sportsch\u00fctzen Gemeinschaft Ostharz 2005 e.V<\/strong><\/td><td>Sachsen Anhalt<\/td><td>06502 Timmenrode<\/td><td><a href=\"mailto:grandespace4@online.de\">grandespace4@online.de<\/a><\/td><\/tr><tr><td><strong>MTV-D\u00e4nischenhagen<\/strong><\/td><td>Schleswig Holstein<\/td><td>24229 D\u00e4nischenhagen<\/td><td><a href=\"mailto:henning_kopp@web.de\">henning_kopp@web.de<\/a><\/td><\/tr><tr><td><strong>R.S.F. Shooting<\/strong><\/td><td>Schleswig Holstein<\/td><td>22844 Norderstedt<\/td><td><a href=\"mailto:dojo-fd@web.de\">dojo-fd@web.de<\/a><\/td><\/tr><tr><td><strong>InnTAKT e.V.<\/strong><\/td><td>Bayern<\/td><td>84503 Alt\u00f6tting<\/td><td>intern@inntakt.de<\/td><\/tr><tr><td><strong>RAG Schie\u00dfsport Oberfranken Ost e. V.<\/strong><\/td><td>Bayern<\/td><td>95494 Gesees<\/td><td>kontakt@rag-oberfranken-ost.de<\/td><\/tr><tr><td><strong>Sportsch\u00fctzenvereinigung Bramsche e.V.<\/strong><\/td><td>Niedersachsen<\/td><td>49088 Osnabr\u00fcck<\/td><td>kontakt@ssvbramsche.de<\/td><\/tr><\/tbody><\/table><\/figure>\n\n\n\n<p><\/p>\n","protected":false},"excerpt":{"rendered":"<p>Finde ganz einfach einen ISB-D Verein in deiner N\u00e4he. Unsere deutschlandweite Sch\u00fctzengemeinschaft w\u00e4chst stetig: Von D\u00e4nischhagen in Schleswig-Holstein bis M\u00fcnchen, von D\u00fcsseldorf bis in den Ostharz. Hier findest du alle aktuellen ISB-D Vereine und Standorte, damit du schnell und unkompliziert den passenden Verein in deiner Region findest. Um den Verein zu kontaktieren schaue in der [&hellip;]<\/p>\n","protected":false},"author":1,"featured_media":1326,"parent":0,"menu_order":0,"comment_status":"closed","ping_status":"closed","template":"","meta":{"footnotes":""},"class_list":["post-1131","page","type-page","status-publish","has-post-thumbnail","hentry"],"_links":{"self":[{"href":"https:\/\/isb-deutschland.com\/de\/wp-json\/wp\/v2\/pages\/1131","targetHints":{"allow":["GET"]}}],"collection":[{"href":"https:\/\/isb-deutschland.com\/de\/wp-json\/wp\/v2\/pages"}],"about":[{"href":"https:\/\/isb-deutschland.com\/de\/wp-json\/wp\/v2\/types\/page"}],"author":[{"embeddable":true,"href":"https:\/\/isb-deutschland.com\/de\/wp-json\/wp\/v2\/users\/1"}],"replies":[{"embeddable":true,"href":"https:\/\/isb-deutschland.com\/de\/wp-json\/wp\/v2\/comments?post=1131"}],"version-history":[{"count":4,"href":"https:\/\/isb-deutschland.com\/de\/wp-json\/wp\/v2\/pages\/1131\/revisions"}],"predecessor-version":[{"id":1296,"href":"https:\/\/isb-deutschland.com\/de\/wp-json\/wp\/v2\/pages\/1131\/revisions\/1296"}],"wp:featuredmedia":[{"embeddable":true,"href":"https:\/\/isb-deutschland.com\/de\/wp-json\/"}],"wp:attachment":[{"href":"https:\/\/isb-deutschland.com\/de\/wp-json\/wp\/v2\/media?parent=1131"}],"curies":[{"name":"wp","href":"https:\/\/api.w.org\/{rel}","templated":true}]}}