{"id":34,"date":"2026-01-11T12:25:10","date_gmt":"2026-01-11T11:25:10","guid":{"rendered":"https:\/\/isbdeutschland.wordpress.com\/?page_id=34"},"modified":"2026-05-07T17:14:20","modified_gmt":"2026-05-07T17:14:20","slug":"ueber-uns","status":"publish","type":"page","link":"https:\/\/isb-deutschland.com\/de\/ueber-uns\/","title":{"rendered":"\u00dcber uns"},"content":{"rendered":"\n<div class=\"wp-block-group alignfull has-base-2-color has-text-color has-background has-link-color wp-elements-99d502de79d61830aa08153854ed370d has-global-padding is-layout-constrained wp-container-core-group-is-layout-796362d6 wp-block-group-is-layout-constrained\" style=\"background-color:#564744;margin-top:0;margin-bottom:0;padding-top:var(--wp--preset--spacing--40);padding-right:var(--wp--preset--spacing--50);padding-bottom:var(--wp--preset--spacing--40);padding-left:var(--wp--preset--spacing--50)\">\n<div class=\"wp-block-columns alignwide is-layout-flex wp-container-core-columns-is-layout-1da03c2a wp-block-columns-is-layout-flex\">\n<div class=\"wp-block-column is-vertically-aligned-stretch is-layout-flow wp-block-column-is-layout-flow\" style=\"flex-basis:50%\">\n<h2 class=\"wp-block-heading has-base-2-color has-text-color has-link-color has-inter-font-family wp-elements-61c9d2170466c63100026081306fbccd\">Wer wir sind<\/h2>\n\n\n\n<p class=\"has-medium-font-size\" style=\"line-height:1.2\">Unser Ziel ist es, den Schie\u00dfsport in Deutschland sicher, zeitgem\u00e4\u00df und zukunftsorientiert zu f\u00f6rdern.<\/p>\n\n\n\n<p class=\"has-medium-font-size\" style=\"line-height:1.2\">Der Internationale Sch\u00fctzenbund Bundesverband Deutschland e.V. (ISB-D) ist die offizielle Vertretung des weltweiten Internationalen Sch\u00fctzenbundes (ISB) in Deutschland.<br>Wir vereinen Sportsch\u00fctzen, J\u00e4ger, Sammler, Beh\u00f6rdenangeh\u00f6rige und Wettkampfsportler unter einem modernen, offenen und verantwortungsbewussten Dachverband.<\/p>\n<\/div>\n\n\n\n<div class=\"wp-block-column is-vertically-aligned-center is-layout-flow wp-block-column-is-layout-flow\" style=\"flex-basis:50%\">\n<figure class=\"wp-block-image alignright size-large is-resized is-style-rounded is-style-rounded--1\"><img loading=\"lazy\" decoding=\"async\" width=\"1024\" height=\"768\" src=\"https:\/\/isb-deutschland.com\/de\/wp-content\/uploads\/2026\/05\/isb-team-auf-der-gun-con-2024-1024x768.jpeg\" alt=\"\" class=\"wp-image-1170\" style=\"aspect-ratio:1.7777777777777777;object-fit:cover;width:430px;height:auto\" srcset=\"https:\/\/isb-deutschland.com\/de\/wp-content\/uploads\/2026\/05\/isb-team-auf-der-gun-con-2024-1024x768.jpeg 1024w, https:\/\/isb-deutschland.com\/de\/wp-content\/uploads\/2026\/05\/isb-team-auf-der-gun-con-2024-300x225.jpeg 300w, https:\/\/isb-deutschland.com\/de\/wp-content\/uploads\/2026\/05\/isb-team-auf-der-gun-con-2024-768x576.jpeg 768w, https:\/\/isb-deutschland.com\/de\/wp-content\/uploads\/2026\/05\/isb-team-auf-der-gun-con-2024-1536x1152.jpeg 1536w, https:\/\/isb-deutschland.com\/de\/wp-content\/uploads\/2026\/05\/isb-team-auf-der-gun-con-2024.jpeg 2048w\" sizes=\"auto, (max-width: 1024px) 100vw, 1024px\" \/><\/figure>\n<\/div>\n<\/div>\n<\/div>\n\n\n\n<div class=\"wp-block-group alignfull has-global-padding is-layout-constrained wp-container-core-group-is-layout-669513ed wp-block-group-is-layout-constrained\" style=\"margin-top:0;margin-bottom:0;padding-top:var(--wp--preset--spacing--50);padding-right:var(--wp--preset--spacing--50);padding-bottom:var(--wp--preset--spacing--50);padding-left:var(--wp--preset--spacing--50)\">\n<div class=\"wp-block-group is-vertical is-content-justification-center is-layout-flex wp-container-core-group-is-layout-52b864f0 wp-block-group-is-layout-flex\">\n<h2 class=\"wp-block-heading has-text-align-center has-inter-font-family\">Unsere Ziele und Mission<\/h2>\n\n\n\n<div style=\"height:0px\" aria-hidden=\"true\" class=\"wp-block-spacer wp-container-content-4f2ccadb\"><\/div>\n\n\n\n<p class=\"has-text-align-center\">Nur gemeinsam sind wir stark \u2013 das WIR z\u00e4hlt!<\/p>\n<\/div>\n\n\n\n<div class=\"wp-block-columns alignwide are-vertically-aligned-center is-layout-flex wp-container-core-columns-is-layout-d0bbbce0 wp-block-columns-is-layout-flex\">\n<div class=\"wp-block-column is-vertically-aligned-center is-layout-flow wp-container-core-column-is-layout-e3d1c41b wp-block-column-is-layout-flow\">\n<p class=\"has-text-align-center has-background\" style=\"border-top-left-radius:100px;border-top-right-radius:100px;border-bottom-left-radius:100px;border-bottom-right-radius:100px;background-color:#84b5de\"><strong>F\u00f6rderung von Schie\u00dfsport im Breiten- und Leistungssport<\/strong><\/p>\n<\/div>\n\n\n\n<div class=\"wp-block-column is-vertically-aligned-center is-layout-flow wp-container-core-column-is-layout-e3d1c41b wp-block-column-is-layout-flow\">\n<p class=\"has-text-align-center has-background\" style=\"border-top-left-radius:100px;border-top-right-radius:100px;border-bottom-left-radius:100px;border-bottom-right-radius:100px;background-color:#84b5de\"><strong>Einf\u00fchrung neuer, moderner und innovativer Disziplinen<\/strong><\/p>\n<\/div>\n\n\n\n<div class=\"wp-block-column is-vertically-aligned-center is-layout-flow wp-container-core-column-is-layout-e3d1c41b wp-block-column-is-layout-flow\">\n<p class=\"has-text-align-center has-background\" style=\"border-top-left-radius:100px;border-top-right-radius:100px;border-bottom-left-radius:100px;border-bottom-right-radius:100px;background-color:#84b5de\"><strong>Internationale Vernetzung aller Sportsch\u00fctzen<\/strong><\/p>\n<\/div>\n<\/div>\n\n\n\n<div style=\"height:var(--wp--preset--spacing--20)\" aria-hidden=\"true\" class=\"wp-block-spacer\"><\/div>\n\n\n\n<div class=\"wp-block-columns alignwide are-vertically-aligned-center is-layout-flex wp-container-core-columns-is-layout-d0bbbce0 wp-block-columns-is-layout-flex\">\n<div class=\"wp-block-column is-vertically-aligned-center is-layout-flow wp-container-core-column-is-layout-e3d1c41b wp-block-column-is-layout-flow\">\n<p class=\"has-text-align-center has-background\" style=\"border-top-left-radius:100px;border-top-right-radius:100px;border-bottom-left-radius:100px;border-bottom-right-radius:100px;background-color:#84b5de\"><strong>Verbesserungen der waffenrechtlichen Situation in Deutschland<\/strong><\/p>\n<\/div>\n\n\n\n<div class=\"wp-block-column is-vertically-aligned-center is-layout-flow wp-container-core-column-is-layout-e3d1c41b wp-block-column-is-layout-flow\">\n<p class=\"has-text-align-center has-background\" style=\"border-top-left-radius:100px;border-top-right-radius:100px;border-bottom-left-radius:100px;border-bottom-right-radius:100px;background-color:#84b5de\"><strong>St\u00e4rkung der <\/strong><br><strong>Sch\u00fctzengemeinschaft<\/strong><\/p>\n<\/div>\n\n\n\n<div class=\"wp-block-column is-vertically-aligned-center is-layout-flow wp-container-core-column-is-layout-e3d1c41b wp-block-column-is-layout-flow\">\n<p class=\"has-text-align-center has-background\" style=\"border-top-left-radius:100px;border-top-right-radius:100px;border-bottom-left-radius:100px;border-bottom-right-radius:100px;background-color:#84b5de\"><strong>Verantwortungsvoller Umgang, Sicherheit &amp; Transparenz miteinander<\/strong><\/p>\n<\/div>\n<\/div>\n<\/div>\n\n\n\n<div class=\"wp-block-group alignfull has-background has-global-padding is-layout-constrained wp-container-core-group-is-layout-32a46761 wp-block-group-is-layout-constrained\" style=\"background-color:#7f7f7f;margin-top:0;margin-bottom:0;padding-top:var(--wp--preset--spacing--40);padding-right:var(--wp--preset--spacing--50);padding-bottom:var(--wp--preset--spacing--40);padding-left:var(--wp--preset--spacing--50)\">\n<div class=\"wp-block-columns alignfull is-layout-flex wp-container-core-columns-is-layout-a85f4655 wp-block-columns-is-layout-flex\">\n<div class=\"wp-block-column is-layout-flow wp-container-core-column-is-layout-8a368f38 wp-block-column-is-layout-flow\" style=\"flex-basis:33.33%\">\n<figure class=\"wp-block-image alignright size-large is-resized is-style-rounded is-style-rounded--2\"><img loading=\"lazy\" decoding=\"async\" width=\"1024\" height=\"768\" src=\"https:\/\/isb-deutschland.com\/de\/wp-content\/uploads\/2026\/05\/ar-15-am-schiessstand-1024x768.jpeg\" alt=\"\" class=\"wp-image-1161\" style=\"width:360px\" srcset=\"https:\/\/isb-deutschland.com\/de\/wp-content\/uploads\/2026\/05\/ar-15-am-schiessstand-1024x768.jpeg 1024w, https:\/\/isb-deutschland.com\/de\/wp-content\/uploads\/2026\/05\/ar-15-am-schiessstand-300x225.jpeg 300w, https:\/\/isb-deutschland.com\/de\/wp-content\/uploads\/2026\/05\/ar-15-am-schiessstand-768x576.jpeg 768w, https:\/\/isb-deutschland.com\/de\/wp-content\/uploads\/2026\/05\/ar-15-am-schiessstand-1536x1152.jpeg 1536w, https:\/\/isb-deutschland.com\/de\/wp-content\/uploads\/2026\/05\/ar-15-am-schiessstand.jpeg 2048w\" sizes=\"auto, (max-width: 1024px) 100vw, 1024px\" \/><\/figure>\n<\/div>\n\n\n\n<div class=\"wp-block-column is-layout-flow wp-block-column-is-layout-flow\" style=\"flex-basis:66.66%\">\n<h2 class=\"wp-block-heading has-base-2-color has-text-color has-background has-link-color has-inter-font-family has-x-large-font-size wp-elements-ccd9ba1ba20adbe881ac5d94c399ce8c\" style=\"background-color:#7f7f7f;padding-top:0;padding-right:0;padding-bottom:0;padding-left:0\">Wof\u00fcr wir stehen<\/h2>\n\n\n\n<p class=\"has-base-2-color has-text-color has-link-color has-medium-font-size wp-elements-e2afdaab1e6f9daa8f017265f98a8e07\">Der \u201eInternationale Sch\u00fctzenbund Bundesverband Deutschland e.V. &#8211; ISB-D\u201c ist die Vertretung des weltweiten \u201eInternationaler Sch\u00fctzenbund &#8211; ISB\u201c f\u00fcr die Bundesrepublik Deutschland.<br>Wir bezwecken im Einklang mit den gesetzlichen Vorgaben der Bundesrepublik Deutschland die F\u00f6rderung, Verbreitung, Pflege und Durchf\u00fchrung von Schie\u00dfsport jeglicher Art in Form von Breiten- und Leistungssport entsprechend unserer sportlichen Disziplinen.<br>\u00dcber unseren Dachverband streben wir eine internationale Verbindung und Vernetzung aller Sportsch\u00fctzen an.<br>Wir m\u00f6chten den Schie\u00dfsport in Deutschland mit neuen, innovativen Disziplinen f\u00f6rdern. Auch fordern wir von der Politik in Deutschland Verbesserungen der Rechtssituation f\u00fcr alle Legalwaffenbesitzer und Waffentr\u00e4ger.<br>Egal ob Sportsch\u00fctze, J\u00e4ger, Sammler, Polizist, Reservist oder aktiver Soldat &#8211; nur gemeinsam sind wir stark \u2013 das WIR z\u00e4hlt!<\/p>\n<\/div>\n<\/div>\n<\/div>\n\n\n\n<div class=\"wp-block-group alignfull has-global-padding is-layout-constrained wp-container-core-group-is-layout-796362d6 wp-block-group-is-layout-constrained\" style=\"margin-top:0;margin-bottom:0;padding-top:var(--wp--preset--spacing--40);padding-right:var(--wp--preset--spacing--50);padding-bottom:var(--wp--preset--spacing--40);padding-left:var(--wp--preset--spacing--50)\">\n<div class=\"wp-block-group alignwide is-vertical is-content-justification-center is-layout-flex wp-container-core-group-is-layout-ce155fab wp-block-group-is-layout-flex\">\n<h2 class=\"wp-block-heading has-text-align-center has-inter-font-family has-xx-large-font-size\">Meet our team<\/h2>\n\n\n\n<p class=\"has-text-align-left\">Wir arbeiten mit einem vollst\u00e4ndig ehrenamtlichen Vorstand und derzeit auch rein ehrenamtlichen Mitarbeitern. <br>Dazu kommen noch Helfer und Helferinnen, die Wettk\u00e4mpfe organisieren und gemeinsam auf die Beine stellen. Fest steht &#8211; wir erreichen unsere Ziele nur gemeinsam.<\/p>\n<\/div>\n\n\n\n<div style=\"height:20px\" aria-hidden=\"true\" class=\"wp-block-spacer\"><\/div>\n\n\n\n<div class=\"wp-block-columns alignwide are-vertically-aligned-top is-layout-flex wp-container-core-columns-is-layout-4935966c wp-block-columns-is-layout-flex\" style=\"padding-right:0;padding-left:0\">\n<div class=\"wp-block-column is-vertically-aligned-top is-layout-flow wp-block-column-is-layout-flow\">\n<figure class=\"wp-block-image size-full is-resized is-style-rounded is-style-rounded--3\"><img loading=\"lazy\" decoding=\"async\" width=\"1024\" height=\"1024\" src=\"https:\/\/isb-deutschland.com\/de\/wp-content\/uploads\/2026\/05\/florian-stieber.jpeg\" alt=\"Florian Stieber\" class=\"wp-image-1163\" style=\"aspect-ratio:1;object-fit:cover;width:320px;height:auto\" srcset=\"https:\/\/isb-deutschland.com\/de\/wp-content\/uploads\/2026\/05\/florian-stieber.jpeg 1024w, https:\/\/isb-deutschland.com\/de\/wp-content\/uploads\/2026\/05\/florian-stieber-300x300.jpeg 300w, https:\/\/isb-deutschland.com\/de\/wp-content\/uploads\/2026\/05\/florian-stieber-150x150.jpeg 150w, https:\/\/isb-deutschland.com\/de\/wp-content\/uploads\/2026\/05\/florian-stieber-768x768.jpeg 768w\" sizes=\"auto, (max-width: 1024px) 100vw, 1024px\" \/><\/figure>\n\n\n\n<div class=\"wp-block-group is-vertical is-content-justification-left is-nowrap is-layout-flex wp-container-core-group-is-layout-2d26e3b2 wp-block-group-is-layout-flex\">\n<p class=\"has-text-align-center has-small-font-size\"><strong>Florian Stieber<\/strong><\/p>\n\n\n\n<p class=\"has-text-align-center has-small-font-size\">1. Vorsitzender<\/p>\n<\/div>\n<\/div>\n\n\n\n<div class=\"wp-block-column is-vertically-aligned-top is-layout-flow wp-block-column-is-layout-flow\">\n<figure class=\"wp-block-image size-full is-resized is-style-rounded is-style-rounded--4\"><img loading=\"lazy\" decoding=\"async\" width=\"1536\" height=\"2048\" src=\"https:\/\/isb-deutschland.com\/de\/wp-content\/uploads\/2026\/05\/lukas-huertgen-isb-sportleiter-cowboy-revolver_72.jpg\" alt=\"Lukas H\u00fcrtgen ISB Sportleiter Cowboy Revolver\" class=\"wp-image-1174\" style=\"aspect-ratio:1;object-fit:cover;width:320px\" srcset=\"https:\/\/isb-deutschland.com\/de\/wp-content\/uploads\/2026\/05\/lukas-huertgen-isb-sportleiter-cowboy-revolver_72.jpg 1536w, https:\/\/isb-deutschland.com\/de\/wp-content\/uploads\/2026\/05\/lukas-huertgen-isb-sportleiter-cowboy-revolver_72-225x300.jpg 225w, https:\/\/isb-deutschland.com\/de\/wp-content\/uploads\/2026\/05\/lukas-huertgen-isb-sportleiter-cowboy-revolver_72-768x1024.jpg 768w, https:\/\/isb-deutschland.com\/de\/wp-content\/uploads\/2026\/05\/lukas-huertgen-isb-sportleiter-cowboy-revolver_72-1152x1536.jpg 1152w\" sizes=\"auto, (max-width: 1536px) 100vw, 1536px\" \/><\/figure>\n\n\n\n<div class=\"wp-block-group is-vertical is-content-justification-left is-nowrap is-layout-flex wp-container-core-group-is-layout-b2a67d43 wp-block-group-is-layout-flex\">\n<p class=\"has-text-align-center has-small-font-size\"><strong>Lukas H\u00fcrtgen<\/strong><\/p>\n\n\n\n<p class=\"has-text-align-center has-small-font-size\">3. Vorsitzender, Bundessportleiter<\/p>\n<\/div>\n<\/div>\n<\/div>\n<\/div>\n\n\n\n\n\n<h2 class=\"wp-block-heading has-inter-font-family\">Unsere Satzung<\/h2>\n\n\n\n<div class=\"wp-block-file\"><a id=\"wp-block-file--media-8bb9a23f-f938-4596-a985-2cd82e2191e8\" href=\"https:\/\/isb-deutschland.com\/de\/wp-content\/uploads\/2026\/05\/satzung_isb-d-24.03.2025-1.pdf\">Satzung_ISB-D 24.03.2025<\/a><a href=\"https:\/\/isb-deutschland.com\/de\/wp-content\/uploads\/2026\/05\/satzung_isb-d-24.03.2025-1.pdf\" class=\"wp-block-file__button wp-element-button\" download aria-describedby=\"wp-block-file--media-8bb9a23f-f938-4596-a985-2cd82e2191e8\">Herunterladen<\/a><\/div>\n","protected":false},"excerpt":{"rendered":"<p>Wer wir sind Unser Ziel ist es, den Schie\u00dfsport in Deutschland sicher, zeitgem\u00e4\u00df und zukunftsorientiert zu f\u00f6rdern. Der Internationale Sch\u00fctzenbund Bundesverband Deutschland e.V. (ISB-D) ist die offizielle Vertretung des weltweiten Internationalen Sch\u00fctzenbundes (ISB) in Deutschland.Wir vereinen Sportsch\u00fctzen, J\u00e4ger, Sammler, Beh\u00f6rdenangeh\u00f6rige und Wettkampfsportler unter einem modernen, offenen und verantwortungsbewussten Dachverband. Unsere Ziele und Mission Nur gemeinsam [&hellip;]<\/p>\n","protected":false},"author":1,"featured_media":0,"parent":0,"menu_order":0,"comment_status":"closed","ping_status":"closed","template":"","meta":{"footnotes":""},"class_list":["post-34","page","type-page","status-publish","hentry"],"_links":{"self":[{"href":"https:\/\/isb-deutschland.com\/de\/wp-json\/wp\/v2\/pages\/34","targetHints":{"allow":["GET"]}}],"collection":[{"href":"https:\/\/isb-deutschland.com\/de\/wp-json\/wp\/v2\/pages"}],"about":[{"href":"https:\/\/isb-deutschland.com\/de\/wp-json\/wp\/v2\/types\/page"}],"author":[{"embeddable":true,"href":"https:\/\/isb-deutschland.com\/de\/wp-json\/wp\/v2\/users\/1"}],"replies":[{"embeddable":true,"href":"https:\/\/isb-deutschland.com\/de\/wp-json\/wp\/v2\/comments?post=34"}],"version-history":[{"count":3,"href":"https:\/\/isb-deutschland.com\/de\/wp-json\/wp\/v2\/pages\/34\/revisions"}],"predecessor-version":[{"id":1250,"href":"https:\/\/isb-deutschland.com\/de\/wp-json\/wp\/v2\/pages\/34\/revisions\/1250"}],"wp:attachment":[{"href":"https:\/\/isb-deutschland.com\/de\/wp-json\/wp\/v2\/media?parent=34"}],"curies":[{"name":"wp","href":"https:\/\/api.w.org\/{rel}","templated":true}]}}