{"id":36,"date":"2026-01-11T12:26:22","date_gmt":"2026-01-11T11:26:22","guid":{"rendered":"https:\/\/isbdeutschland.wordpress.com\/?page_id=36"},"modified":"2026-01-11T12:26:22","modified_gmt":"2026-01-11T11:26:22","slug":"wissenswertes","status":"publish","type":"page","link":"https:\/\/isb-deutschland.com\/de\/wissenswertes\/","title":{"rendered":"Wissenswertes"},"content":{"rendered":"\n<div class=\"wp-block-group alignfull has-background has-global-padding is-layout-constrained wp-container-core-group-is-layout-867c3d7b wp-block-group-is-layout-constrained\" style=\"background-color:#564744;margin-top:0;margin-bottom:0;padding-top:var(--wp--preset--spacing--30);padding-right:var(--wp--preset--spacing--30);padding-bottom:var(--wp--preset--spacing--30);padding-left:var(--wp--preset--spacing--30)\">\n<div class=\"wp-block-group alignwide is-vertical is-layout-flex wp-container-core-group-is-layout-fe9cc265 wp-block-group-is-layout-flex\">\n<p class=\"has-base-2-color has-text-color has-link-color has-body-font-family has-medium-font-size wp-elements-bdadd2aed9a79ab9ebd1795bde6967a9\" style=\"line-height:1.2\">Alles, was Sportsch\u00fctzen, J\u00e4ger und Berufswaffentr\u00e4ger wissen sollten. F\u00fcr angehende, neue Sch\u00fctzen haben wir einen ganz eigenen Themenbereich mit n\u00fctzlichen Tipps und Tricks! Klicke auf ein Thema, um direkt zu den passenden Artikeln und Unterseiten zu gelangen.<\/p>\n<\/div>\n<\/div>\n\n\n\n<div class=\"wp-block-columns is-layout-flex wp-container-core-columns-is-layout-0806ab5c wp-block-columns-is-layout-flex\" style=\"margin-top:var(--wp--preset--spacing--30);margin-bottom:var(--wp--preset--spacing--30)\">\n<div class=\"wp-block-column is-vertically-aligned-center is-layout-flow wp-block-column-is-layout-flow\" style=\"border-width:1px\">\n<div class=\"wp-block-group has-background has-global-padding is-layout-constrained wp-container-core-group-is-layout-9597dc02 wp-block-group-is-layout-constrained\" style=\"background-color:#f5f5f5;padding-top:var(--wp--preset--spacing--10);padding-right:var(--wp--preset--spacing--10);padding-bottom:var(--wp--preset--spacing--10);padding-left:var(--wp--preset--spacing--10)\">\n<h2 class=\"wp-block-heading has-text-align-center has-inter-font-family\"><a href=\"https:\/\/isbdeutschland.wordpress.com\/wissenswertes\/deutsches-waffenrecht\/\">Deutsches Waffenrecht<\/a><\/h2>\n\n\n\n<figure class=\"wp-block-image size-full\"><a href=\"https:\/\/isbdeutschland.wordpress.com\/wissenswertes\/deutsches-waffenrecht\/\"><img decoding=\"async\" src=\"https:\/\/isbdeutschland.wordpress.com\/wp-content\/uploads\/2026\/05\/30-schuss-magazine-in-magazintasche_72-dpi.jpg\" alt=\"30-schuss-magazine-in-magazintasche\" class=\"wp-image-1327\" style=\"aspect-ratio:1;object-fit:cover\" \/><\/a><\/figure>\n\n\n\n<p>Alles Wichtige zu aktuellen Gesetzen, Vorschriften und Ausnahmegenehmigungen f\u00fcr Sportsch\u00fctzen.<\/p>\n\n\n\n<div class=\"wp-block-buttons is-content-justification-center is-layout-flex wp-container-core-buttons-is-layout-a89b3969 wp-block-buttons-is-layout-flex\">\n<div class=\"wp-block-button\"><a class=\"wp-block-button__link wp-element-button\" href=\"https:\/\/isbdeutschland.wordpress.com\/wissenswertes\/deutsches-waffenrecht\/\">Zu den Artikeln \u00fcber<br>deutsches Waffenrecht<\/a><\/div>\n<\/div>\n<\/div>\n<\/div>\n\n\n\n<div class=\"wp-block-column is-vertically-aligned-top is-layout-flow wp-block-column-is-layout-flow\">\n<div class=\"wp-block-group has-base-2-color has-text-color has-background has-link-color wp-elements-aeb5d8dafd99c2c6bcb29c80ba43e64f has-global-padding is-layout-constrained wp-container-core-group-is-layout-9597dc02 wp-block-group-is-layout-constrained\" style=\"background-color:#323232;padding-top:var(--wp--preset--spacing--10);padding-right:var(--wp--preset--spacing--10);padding-bottom:var(--wp--preset--spacing--10);padding-left:var(--wp--preset--spacing--10)\">\n<h2 class=\"wp-block-heading has-text-align-center has-base-2-color has-text-color has-link-color has-inter-font-family wp-elements-c85fe968f4786bb0c1ad58cc9ecb5c00\"><a href=\"https:\/\/isbdeutschland.wordpress.com\/wissenswertes\/neue-schuetzen\/\">Neue<br>Sch\u00fctzen<\/a><\/h2>\n\n\n\n<figure class=\"wp-block-image size-full\"><a href=\"https:\/\/isbdeutschland.wordpress.com\/wissenswertes\/neue-schuetzen\/\"><img decoding=\"async\" src=\"https:\/\/isbdeutschland.wordpress.com\/wp-content\/uploads\/2026\/05\/knut-2026-wettkampf-isb-geschossene-waffen_72.jpg\" alt=\"knut-2026-wettkampf-isb-geschossene-waffen\" class=\"wp-image-1354\" style=\"aspect-ratio:1;object-fit:cover\" \/><\/a><\/figure>\n\n\n\n<p>Tipps f\u00fcr Anf\u00e4nger, Mitgliedschaft, Vereinswahl, grunds\u00e4tzliche Sicherheitsregeln und Einstieg in den modernen Schie\u00dfsport.<\/p>\n\n\n\n<div class=\"wp-block-buttons is-content-justification-center is-layout-flex wp-container-core-buttons-is-layout-a89b3969 wp-block-buttons-is-layout-flex\">\n<div class=\"wp-block-button\"><a class=\"wp-block-button__link has-contrast-color has-base-2-background-color has-text-color has-background has-link-color wp-element-button\" href=\"https:\/\/isbdeutschland.wordpress.com\/wissenswertes\/neue-schuetzen\/\">Zu den Artikeln f\u00fcr <br>neue Sch\u00fctzen<\/a><\/div>\n<\/div>\n<\/div>\n<\/div>\n\n\n\n<div class=\"wp-block-column is-vertically-aligned-center is-layout-flow wp-block-column-is-layout-flow\" style=\"border-width:1px\">\n<div class=\"wp-block-group has-background has-global-padding is-layout-constrained wp-container-core-group-is-layout-9597dc02 wp-block-group-is-layout-constrained\" style=\"background-color:#f5f5f5;padding-top:var(--wp--preset--spacing--10);padding-right:var(--wp--preset--spacing--10);padding-bottom:var(--wp--preset--spacing--10);padding-left:var(--wp--preset--spacing--10)\">\n<h2 class=\"wp-block-heading has-text-align-center has-inter-font-family\"><a href=\"https:\/\/isbdeutschland.wordpress.com\/wissenswertes\/waffen-ausruestung\/\">Waffen &amp; Ausr\u00fcstung<\/a><\/h2>\n\n\n\n\n\n<p>Infos zu Waffenarten, Zubeh\u00f6r, Empfehlungen rund um die Wahl und den Umgang mit Ausr\u00fcstung im Schie\u00dfsport.<\/p>\n\n\n\n<p><em>Coming soon<\/em>.<\/p>\n\n\n\n<div class=\"wp-block-buttons is-content-justification-center is-layout-flex wp-container-core-buttons-is-layout-a89b3969 wp-block-buttons-is-layout-flex\">\n<div class=\"wp-block-button\"><a class=\"wp-block-button__link wp-element-button\" href=\"https:\/\/isbdeutschland.wordpress.com\/wissenswertes\/waffen-ausruestung\/\">Zu den Artikeln \u00fcber <br>Waffen &amp; Ausr\u00fcstung<\/a><\/div>\n<\/div>\n<\/div>\n<\/div>\n<\/div>\n\n\n\n<hr class=\"wp-block-separator has-alpha-channel-opacity\" \/>\n\n\n\n<div class=\"wp-block-group alignfull has-global-padding is-layout-constrained wp-block-group-is-layout-constrained\">\n<div class=\"wp-block-group has-global-padding is-layout-constrained wp-block-group-is-layout-constrained\">\n<h3 class=\"wp-block-heading has-inter-font-family\">Immer auf dem Laufenden bleiben<\/h3>\n\n\n\n<p>Besuche regelm\u00e4\u00dfig unsere Wissenswertes-Seite und unsere News, um keine wichtigen Infos zu verpassen. <br>Alle News direkt in dein Postfach bekommst du mit unserem Newsletter!<\/p>\n\n\n\n<div class=\"wp-block-buttons is-layout-flex wp-block-buttons-is-layout-flex\">\n<div class=\"wp-block-button\"><a class=\"wp-block-button__link has-background wp-element-button\" href=\"https:\/\/isbdeutschland.wordpress.com\/news\/\" style=\"background-color:#21a8e1\"><strong>Zu allen ISB News<\/strong><\/a><\/div>\n\n\n\n<div class=\"wp-block-button\"><a class=\"wp-block-button__link has-background wp-element-button\" href=\"https:\/\/isbdeutschland.wordpress.com\/news\/newsletteranmeldung\/\" style=\"background-color:#21a8e1\"><strong>Newsletter abonnieren<\/strong><\/a><\/div>\n<\/div>\n<\/div>\n<\/div>\n\n\n\n<p><\/p>\n","protected":false},"excerpt":{"rendered":"<p>Alles, was Sportsch\u00fctzen, J\u00e4ger und Berufswaffentr\u00e4ger wissen sollten. F\u00fcr angehende, neue Sch\u00fctzen haben wir einen ganz eigenen Themenbereich mit n\u00fctzlichen Tipps und Tricks! Klicke auf ein Thema, um direkt zu den passenden Artikeln und Unterseiten zu gelangen. Deutsches Waffenrecht Alles Wichtige zu aktuellen Gesetzen, Vorschriften und Ausnahmegenehmigungen f\u00fcr Sportsch\u00fctzen. NeueSch\u00fctzen Tipps f\u00fcr Anf\u00e4nger, Mitgliedschaft, Vereinswahl, [&hellip;]<\/p>\n","protected":false},"author":1,"featured_media":0,"parent":0,"menu_order":0,"comment_status":"closed","ping_status":"closed","template":"","meta":{"footnotes":""},"class_list":["post-36","page","type-page","status-publish","hentry"],"_links":{"self":[{"href":"https:\/\/isb-deutschland.com\/de\/wp-json\/wp\/v2\/pages\/36","targetHints":{"allow":["GET"]}}],"collection":[{"href":"https:\/\/isb-deutschland.com\/de\/wp-json\/wp\/v2\/pages"}],"about":[{"href":"https:\/\/isb-deutschland.com\/de\/wp-json\/wp\/v2\/types\/page"}],"author":[{"embeddable":true,"href":"https:\/\/isb-deutschland.com\/de\/wp-json\/wp\/v2\/users\/1"}],"replies":[{"embeddable":true,"href":"https:\/\/isb-deutschland.com\/de\/wp-json\/wp\/v2\/comments?post=36"}],"version-history":[{"count":0,"href":"https:\/\/isb-deutschland.com\/de\/wp-json\/wp\/v2\/pages\/36\/revisions"}],"wp:attachment":[{"href":"https:\/\/isb-deutschland.com\/de\/wp-json\/wp\/v2\/media?parent=36"}],"curies":[{"name":"wp","href":"https:\/\/api.w.org\/{rel}","templated":true}]}}