{"id":459,"date":"2026-01-18T20:13:31","date_gmt":"2026-01-18T19:13:31","guid":{"rendered":"https:\/\/isbdeutschland.wordpress.com\/sportordnung\/"},"modified":"2026-01-18T20:13:31","modified_gmt":"2026-01-18T19:13:31","slug":"sportordnung","status":"publish","type":"page","link":"https:\/\/isb-deutschland.com\/de\/media\/sportordnung\/","title":{"rendered":"Sportordnung"},"content":{"rendered":"\n<div class=\"wp-block-group alignfull has-base-2-color has-text-color has-background has-link-color wp-elements-7dfa958f3a4b8768e12f5ef8db9e2e77 has-global-padding is-layout-constrained wp-block-group-is-layout-constrained\" style=\"background-color:#564744;padding-top:var(--wp--preset--spacing--10);padding-bottom:var(--wp--preset--spacing--10)\">\n<div class=\"wp-block-group alignwide is-vertical is-layout-flex wp-container-core-group-is-layout-7b9189e0 wp-block-group-is-layout-flex\" style=\"padding-top:0;padding-right:0;padding-bottom:0;padding-left:0\">\n<h2 class=\"wp-block-heading has-base-2-color has-text-color has-link-color has-inter-font-family wp-elements-78143c4eb39d9da207656a6a73995f0d\">Aktueller Stand Genehmigung<\/h2>\n\n\n\n<p>Der ISB-D befindet sich aktuell im Genehmigungsverfahren f\u00fcr die <strong>Sportordnung<\/strong> und im Anerkennungsverfahren als <strong>Sch\u00fctzenverband<\/strong> beim <strong>Bundesverwaltungsamt (BVA)<\/strong>.<\/p>\n\n\n\n<p>Das bedeutet f\u00fcr euch, dass ihr zwar leider noch nicht nach unserer Sportordnung schie\u00dfen k\u00f6nnt und wir noch keine Bed\u00fcrfnisbescheinigungen ausstellen k\u00f6nnen. <br><br>Aber bis zur Anerkennung werden keine Mitgliedsgeb\u00fchren erhoben.<\/p>\n\n\n\n<div class=\"wp-block-group has-base-2-background-color has-background has-global-padding is-layout-constrained wp-container-core-group-is-layout-a3cf284a wp-block-group-is-layout-constrained\" style=\"margin-top:var(--wp--preset--spacing--10);margin-bottom:var(--wp--preset--spacing--10);padding-top:var(--wp--preset--spacing--10);padding-right:var(--wp--preset--spacing--10);padding-bottom:var(--wp--preset--spacing--10);padding-left:var(--wp--preset--spacing--10)\">\n<ul class=\"wp-block-list\">\n<li class=\"has-contrast-color has-text-color has-link-color wp-elements-d379c219ee20fbd0909568ed9e320086\">Lade hier die Sportordnung als pdf runter<\/li>\n<\/ul>\n\n\n\n<div data-wp-interactive=\"core\/file\" class=\"wp-block-file\"><object data-wp-bind--hidden=\"!state.hasPdfPreview\" hidden class=\"wp-block-file__embed\" data=\"https:\/\/isbdeutschland.wordpress.com\/wp-content\/uploads\/2026\/05\/sportordnung-isb-d-2026.pdf\" type=\"application\/pdf\" style=\"width:100%;height:600px\" aria-label=\"Einbettung von Sportordnung ISB-D 2026.\"><\/object><a id=\"wp-block-file--media-87b0a30d-0ede-4cf6-913b-547682a38d16\" href=\"https:\/\/isbdeutschland.wordpress.com\/wp-content\/uploads\/2026\/05\/sportordnung-isb-d-2026.pdf\">Sportordnung ISB-D 2026<\/a><a href=\"https:\/\/isbdeutschland.wordpress.com\/wp-content\/uploads\/2026\/05\/sportordnung-isb-d-2026.pdf\" class=\"wp-block-file__button wp-element-button\" download aria-describedby=\"wp-block-file--media-87b0a30d-0ede-4cf6-913b-547682a38d16\">Herunterladen<\/a><\/div>\n<\/div>\n<\/div>\n<\/div>\n\n\n\n<div class=\"wp-block-group has-accent-4-background-color has-background is-vertical is-layout-flex wp-container-core-group-is-layout-8c1edb4f wp-block-group-is-layout-flex\" style=\"padding-top:var(--wp--preset--spacing--10);padding-right:var(--wp--preset--spacing--10);padding-bottom:var(--wp--preset--spacing--10);padding-left:var(--wp--preset--spacing--10)\">\n<h2 class=\"wp-block-heading has-inter-font-family\">Meilensteine<\/h2>\n\n\n\n<ul class=\"wp-block-list is-style-checkmark-list\">\n<li>Neue Sportordnung geschrieben<\/li>\n\n\n\n<li>Wir haben bereits unsere Sportordnung beim BVA eingereicht und warten auf deren Pr\u00fcfung<\/li>\n<\/ul>\n\n\n\n<figure class=\"wp-block-image size-full\"><img decoding=\"async\" src=\"https:\/\/isbdeutschland.wordpress.com\/wp-content\/uploads\/2026\/05\/anerkennung-als-schuetzenverband-durch-das-bva-loading-balken.png\" alt=\"Anerkennung als Sch\u00fctzenverband durch das BVA Loading Balken\" class=\"wp-image-1153\" style=\"aspect-ratio:16\/9;object-fit:cover\" \/><\/figure>\n<\/div>\n\n\n\n<div class=\"wp-block-group is-vertical is-layout-flex wp-container-core-group-is-layout-fb00d1fc wp-block-group-is-layout-flex\" style=\"padding-top:var(--wp--preset--spacing--10);padding-bottom:var(--wp--preset--spacing--10)\">\n<h2 class=\"wp-block-heading has-inter-font-family\">Neue, moderne Disziplinen beim ISB-D<\/h2>\n\n\n\n<p>In unserer Sportordnung findet ihr moderne Disziplinen mit unterschiedlichen Waffen, die ihr bei anderen Sch\u00fctzenverb\u00e4nden nicht findet.<\/p>\n<\/div>\n","protected":false},"excerpt":{"rendered":"<p>Aktueller Stand Genehmigung Der ISB-D befindet sich aktuell im Genehmigungsverfahren f\u00fcr die Sportordnung und im Anerkennungsverfahren als Sch\u00fctzenverband beim Bundesverwaltungsamt (BVA). Das bedeutet f\u00fcr euch, dass ihr zwar leider noch nicht nach unserer Sportordnung schie\u00dfen k\u00f6nnt und wir noch keine Bed\u00fcrfnisbescheinigungen ausstellen k\u00f6nnen. Aber bis zur Anerkennung werden keine Mitgliedsgeb\u00fchren erhoben. Meilensteine Neue, moderne Disziplinen [&hellip;]<\/p>\n","protected":false},"author":1,"featured_media":0,"parent":1117,"menu_order":0,"comment_status":"closed","ping_status":"closed","template":"","meta":{"footnotes":""},"class_list":["post-459","page","type-page","status-publish","hentry"],"_links":{"self":[{"href":"https:\/\/isb-deutschland.com\/de\/wp-json\/wp\/v2\/pages\/459","targetHints":{"allow":["GET"]}}],"collection":[{"href":"https:\/\/isb-deutschland.com\/de\/wp-json\/wp\/v2\/pages"}],"about":[{"href":"https:\/\/isb-deutschland.com\/de\/wp-json\/wp\/v2\/types\/page"}],"author":[{"embeddable":true,"href":"https:\/\/isb-deutschland.com\/de\/wp-json\/wp\/v2\/users\/1"}],"replies":[{"embeddable":true,"href":"https:\/\/isb-deutschland.com\/de\/wp-json\/wp\/v2\/comments?post=459"}],"version-history":[{"count":0,"href":"https:\/\/isb-deutschland.com\/de\/wp-json\/wp\/v2\/pages\/459\/revisions"}],"up":[{"embeddable":true,"href":"https:\/\/isb-deutschland.com\/de\/wp-json\/wp\/v2\/pages\/1117"}],"wp:attachment":[{"href":"https:\/\/isb-deutschland.com\/de\/wp-json\/wp\/v2\/media?parent=459"}],"curies":[{"name":"wp","href":"https:\/\/api.w.org\/{rel}","templated":true}]}}