{"id":67,"date":"2026-01-15T10:32:26","date_gmt":"2026-01-15T09:32:26","guid":{"rendered":"https:\/\/isbdeutschland.wordpress.com\/?page_id=67"},"modified":"2026-01-15T10:32:26","modified_gmt":"2026-01-15T09:32:26","slug":"veranstaltungen","status":"publish","type":"page","link":"https:\/\/isb-deutschland.com\/de\/news\/veranstaltungen\/","title":{"rendered":"Veranstaltungen"},"content":{"rendered":"\n<div class=\"wp-block-group alignfull has-base-2-color has-text-color has-background has-link-color wp-elements-75a535c3c5f5e36ce38cfe62a7e36736 has-global-padding is-layout-constrained wp-block-group-is-layout-constrained\" style=\"background-color:#564744;padding-top:var(--wp--preset--spacing--10);padding-bottom:var(--wp--preset--spacing--10)\">\n<div class=\"wp-block-group alignwide is-vertical is-content-justification-left is-layout-flex wp-container-core-group-is-layout-70dbf388 wp-block-group-is-layout-flex\" style=\"padding-right:0;padding-left:0\">\n<div class=\"wp-block-group alignwide is-nowrap is-layout-flex wp-container-core-group-is-layout-b6b71352 wp-block-group-is-layout-flex\" style=\"padding-right:0;padding-left:0\">\n<h2 class=\"wp-block-heading has-base-2-color has-text-color has-link-color has-inter-font-family has-large-font-size wp-elements-b4a6abc539a2147c2886df4e6f26c51e\">Alle zuk\u00fcnftigen Veranstaltungen findest du hier:<\/h2>\n\n\n\n<div class=\"wp-block-buttons is-layout-flex wp-block-buttons-is-layout-flex\">\n<div class=\"wp-block-button\"><a class=\"wp-block-button__link has-base-2-color has-text-color has-background has-link-color wp-element-button\" href=\"https:\/\/isb-shooting.com\/termine.php\" style=\"background-color:#21a8e1\" target=\"_blank\" rel=\"noreferrer noopener\"><strong>Terminkalender des ISB<\/strong><\/a><\/div>\n<\/div>\n<\/div>\n\n\n\n<p class=\"wp-container-content-0733e5d0\">Aktuelle Termine, Wettbewerbe und Events und Berichte des Internationalen Sportsch\u00fctzenbunds aus \u00d6sterreich, Deutschland und den weiteren ISBs.<\/p>\n<\/div>\n<\/div>\n\n\n\n<div class=\"wp-block-group alignfull has-global-padding is-content-justification-center is-layout-constrained wp-block-group-is-layout-constrained\" style=\"margin-top:var(--wp--preset--spacing--10);margin-bottom:var(--wp--preset--spacing--10)\">\n<div class=\"wp-block-group alignwide is-vertical is-layout-flex wp-container-core-group-is-layout-fe9cc265 wp-block-group-is-layout-flex\">\n<h2 class=\"wp-block-heading alignwide has-inter-font-family has-x-large-font-size\">Die Messe des ISB &#8211; Die GunCon in \u00d6sterreich<\/h2>\n\n\n\n<p>Die GunCon ist die neue Messe in \u00d6sterreich f\u00fcr Schie\u00dfsport und Beh\u00f6rdenausstattung. Entdecken Sie unsere breite Auswahl an Waffen, Munition und Zubeh\u00f6r. Lassen Sie sich von unseren Experten beraten und finden Sie die perfekte Ausstattung f\u00fcr Ihre Bed\u00fcrfnisse. Tauchen Sie ein in die Welt der Sch\u00fctzen und werden Sie Teil einer leidenschaftlichen Community.<br>Nutzen Sie das Angebot und das breite Spektrum der GunCon.<\/p>\n<\/div>\n\n\n\n<div class=\"wp-block-group alignwide is-vertical is-content-justification-center is-layout-flex wp-container-core-group-is-layout-ce155fab wp-block-group-is-layout-flex\">\n<p class=\"has-text-align-center has-base-2-color has-text-color has-background has-link-color wp-elements-8c2308e5943b663a699e09117c9f33e1\" style=\"background-color:#84b5de\"><strong>Save the Date: <\/strong>Die dritte GunCon am <strong><mark style=\"background-color:rgba(0, 0, 0, 0)\" class=\"has-inline-color has-contrast-color\">03.+04.10.2026<\/mark><\/strong> in St. P\u00f6lten<\/p>\n<\/div>\n\n\n\n<div class=\"wp-block-group alignwide is-vertical is-layout-flex wp-container-core-group-is-layout-fe9cc265 wp-block-group-is-layout-flex\">\n<p>Die 2. GunCon fand im Oktober 2025 statt, mit \u00fcber 50 interessanten Ausstellern konnten wir den Besuchern einen gr\u00fcndlichen Einblick in die Welt der Sportsch\u00fctzen und Beh\u00f6rdenausr\u00fcstern geben. Auch der ISB- Infostand, wo 2 Tage lang durchgehend unsere Juristen zur kostenlosen Rechtsberatung zur Verf\u00fcgung standen, kam sehr gut an.<\/p>\n\n\n\n<p>Fotos und Videos zur aktuellen Veranstaltung findet ihr auf unseren Social Media Kan\u00e4len.<\/p>\n\n\n\n<div class=\"wp-block-buttons is-content-justification-center is-layout-flex wp-container-core-buttons-is-layout-a89b3969 wp-block-buttons-is-layout-flex\">\n<div class=\"wp-block-button\"><a class=\"wp-block-button__link has-base-2-color has-text-color has-background has-link-color wp-element-button\" href=\"https:\/\/guncon.at\/index.php\" style=\"background-color:#21a8e1\" target=\"_blank\" rel=\"noreferrer noopener\"><strong>Zur GunCon Website<\/strong><\/a><\/div>\n<\/div>\n<\/div>\n<\/div>\n\n\n\n<div style=\"height:30px\" aria-hidden=\"true\" class=\"wp-block-spacer\"><\/div>\n\n\n\n<div class=\"wp-block-group alignwide has-base-2-background-color has-background has-global-padding is-content-justification-left is-layout-constrained wp-container-core-group-is-layout-535d531f wp-block-group-is-layout-constrained\" style=\"margin-top:var(--wp--preset--spacing--10);margin-bottom:var(--wp--preset--spacing--10);padding-top:var(--wp--preset--spacing--20);padding-right:var(--wp--preset--spacing--10);padding-bottom:var(--wp--preset--spacing--20);padding-left:var(--wp--preset--spacing--10)\">\n<h2 class=\"wp-block-heading has-inter-font-family\">Wo finde ich die Ergebnislisten?<\/h2>\n\n\n\n<div class=\"wp-block-group alignwide is-content-justification-left is-nowrap is-layout-flex wp-container-core-group-is-layout-fc9f69e7 wp-block-group-is-layout-flex\">\n<p class=\"has-text-align-center\">Hier geht es zu den Ergebnislisten von Wettk\u00e4mpfen bei uns: <\/p>\n\n\n\n<div class=\"wp-block-buttons is-content-justification-center is-layout-flex wp-container-core-buttons-is-layout-a89b3969 wp-block-buttons-is-layout-flex\">\n<div class=\"wp-block-button\"><a class=\"wp-block-button__link has-background wp-element-button\" href=\"https:\/\/isbdeutschland.wordpress.com\/veranstaltungen\/ergebnislisten\/\" style=\"background-color:#21a8e1\"><strong>Ergebnislisten<\/strong><\/a><\/div>\n<\/div>\n<\/div>\n<\/div>\n\n\n\n<div style=\"height:30px\" aria-hidden=\"true\" class=\"wp-block-spacer\"><\/div>\n\n\n\n<h2 class=\"wp-block-heading has-inter-font-family\">Fotoimpressionen vergangener Veranstaltungen<\/h2>\n\n\n\n<figure class=\"wp-block-gallery has-nested-images columns-default is-cropped wp-block-gallery-1 is-layout-flex wp-block-gallery-is-layout-flex\">\n<figure class=\"wp-block-image size-large\"><img decoding=\"async\" data-id=\"1355\" src=\"https:\/\/isbdeutschland.wordpress.com\/wp-content\/uploads\/2026\/05\/aufstellen-des-knut-weihnachtsbaum-ziels_72.jpg?w=768\" alt=\"aufstellen-des-knut-weihnachtsbaum-ziels\" class=\"wp-image-1355\" \/><figcaption class=\"wp-element-caption\">Knut 2026: Aufstellen des Ziels<\/figcaption><\/figure>\n\n\n\n<figure class=\"wp-block-image size-large\"><img decoding=\"async\" data-id=\"1361\" src=\"https:\/\/isbdeutschland.wordpress.com\/wp-content\/uploads\/2026\/05\/knut-2026-isb-mitglieder-bereiten-sich-auf-schiessen-vor_72.jpg?w=768\" alt=\"\nknut-2026-isb-mitglieder-bereiten-sich-auf-schiessen-vor\" class=\"wp-image-1361\" \/><figcaption class=\"wp-element-caption\">Knut 2026: ISB Mitglieder bereiten sich auf Schie\u00dfen vor<\/figcaption><\/figure>\n\n\n\n<figure class=\"wp-block-image size-large\"><img decoding=\"async\" data-id=\"1331\" src=\"https:\/\/isbdeutschland.wordpress.com\/wp-content\/uploads\/2026\/05\/frau-schiesst-auf-wettkampf-isb-schiessstandaufsich_72-dpi.jpg?w=768\" alt=\"frau-schiesst-auf-wettkampf-isb-schiessstandaufsicht\" class=\"wp-image-1331\" \/><figcaption class=\"wp-element-caption\">ISB Knut Wettkampf<\/figcaption><\/figure>\n\n\n\n<figure class=\"wp-block-image size-large\"><img decoding=\"async\" data-id=\"1354\" src=\"https:\/\/isbdeutschland.wordpress.com\/wp-content\/uploads\/2026\/05\/knut-2026-wettkampf-isb-geschossene-waffen_72.jpg?w=1024\" alt=\"knut-2026-wettkampf-isb-geschossene-waffen\" class=\"wp-image-1354\" \/><figcaption class=\"wp-element-caption\">Knut 2026: Auswahl der geschossenen Waffen<\/figcaption><\/figure>\n\n\n\n<figure class=\"wp-block-image size-large\"><img decoding=\"async\" data-id=\"1359\" src=\"https:\/\/isbdeutschland.wordpress.com\/wp-content\/uploads\/2026\/05\/gun-con-2024-menschenmenge_72.jpg?w=1024\" alt=\"gun-con-2024-menschenmenge\" class=\"wp-image-1359\" \/><figcaption class=\"wp-element-caption\">Gun Con 2024 in \u00d6sterreich<\/figcaption><\/figure>\n<\/figure>\n","protected":false},"excerpt":{"rendered":"<p>Alle zuk\u00fcnftigen Veranstaltungen findest du hier: Aktuelle Termine, Wettbewerbe und Events und Berichte des Internationalen Sportsch\u00fctzenbunds aus \u00d6sterreich, Deutschland und den weiteren ISBs. Die Messe des ISB &#8211; Die GunCon in \u00d6sterreich Die GunCon ist die neue Messe in \u00d6sterreich f\u00fcr Schie\u00dfsport und Beh\u00f6rdenausstattung. Entdecken Sie unsere breite Auswahl an Waffen, Munition und Zubeh\u00f6r. Lassen [&hellip;]<\/p>\n","protected":false},"author":1,"featured_media":0,"parent":55,"menu_order":0,"comment_status":"closed","ping_status":"closed","template":"","meta":{"footnotes":""},"class_list":["post-67","page","type-page","status-publish","hentry"],"_links":{"self":[{"href":"https:\/\/isb-deutschland.com\/de\/wp-json\/wp\/v2\/pages\/67","targetHints":{"allow":["GET"]}}],"collection":[{"href":"https:\/\/isb-deutschland.com\/de\/wp-json\/wp\/v2\/pages"}],"about":[{"href":"https:\/\/isb-deutschland.com\/de\/wp-json\/wp\/v2\/types\/page"}],"author":[{"embeddable":true,"href":"https:\/\/isb-deutschland.com\/de\/wp-json\/wp\/v2\/users\/1"}],"replies":[{"embeddable":true,"href":"https:\/\/isb-deutschland.com\/de\/wp-json\/wp\/v2\/comments?post=67"}],"version-history":[{"count":0,"href":"https:\/\/isb-deutschland.com\/de\/wp-json\/wp\/v2\/pages\/67\/revisions"}],"up":[{"embeddable":true,"href":"https:\/\/isb-deutschland.com\/de\/wp-json\/wp\/v2\/pages\/55"}],"wp:attachment":[{"href":"https:\/\/isb-deutschland.com\/de\/wp-json\/wp\/v2\/media?parent=67"}],"curies":[{"name":"wp","href":"https:\/\/api.w.org\/{rel}","templated":true}]}}