{"id":681,"date":"2026-01-22T10:33:39","date_gmt":"2026-01-22T09:33:39","guid":{"rendered":"https:\/\/isbdeutschland.wordpress.com\/?page_id=681"},"modified":"2026-01-22T10:33:39","modified_gmt":"2026-01-22T09:33:39","slug":"ergebnislisten","status":"publish","type":"page","link":"https:\/\/isb-deutschland.com\/de\/media\/ergebnislisten\/","title":{"rendered":"Ergebnislisten"},"content":{"rendered":"\n<div class=\"wp-block-group alignfull has-base-2-color has-text-color has-background has-link-color wp-elements-81c917ef4df5348a50848a5d7c1464f8 has-global-padding is-layout-constrained wp-container-core-group-is-layout-86dba5ee wp-block-group-is-layout-constrained\" style=\"background-color:#564744;padding-top:var(--wp--preset--spacing--10);padding-right:var(--wp--preset--spacing--10);padding-bottom:var(--wp--preset--spacing--10);padding-left:var(--wp--preset--spacing--10)\">\n<div class=\"wp-block-group alignwide is-vertical is-layout-flex wp-container-core-group-is-layout-fe9cc265 wp-block-group-is-layout-flex\">\n<p>Auf dieser Seite findest du alle aktuellen und vergangenen <strong>Ergebnislisten unserer Schie\u00dfsport-Veranstaltungen<\/strong>. Lade die PDFs direkt herunter und verschaffe dir einen schnellen \u00dcberblick \u00fcber die Teilnehmer, Ergebnisse und Platzierungen.<\/p>\n<\/div>\n<\/div>\n\n\n\n<p><strong>Verf\u00fcgbare Ergebnislisten:<\/strong><\/p>\n\n\n\n<ul class=\"wp-block-list\">\n<li><em>coming soon<\/em><\/li>\n<\/ul>\n\n\n\n<p><strong>Hinweis:<\/strong> Alle Dokumente stehen im PDF-Format zur Verf\u00fcgung und k\u00f6nnen kostenlos heruntergeladen werden.<\/p>\n\n\n\n<p><\/p>\n","protected":false},"excerpt":{"rendered":"<p>Auf dieser Seite findest du alle aktuellen und vergangenen Ergebnislisten unserer Schie\u00dfsport-Veranstaltungen. Lade die PDFs direkt herunter und verschaffe dir einen schnellen \u00dcberblick \u00fcber die Teilnehmer, Ergebnisse und Platzierungen. Verf\u00fcgbare Ergebnislisten: Hinweis: Alle Dokumente stehen im PDF-Format zur Verf\u00fcgung und k\u00f6nnen kostenlos heruntergeladen werden.<\/p>\n","protected":false},"author":1,"featured_media":0,"parent":1117,"menu_order":0,"comment_status":"closed","ping_status":"closed","template":"","meta":{"footnotes":""},"class_list":["post-681","page","type-page","status-publish","hentry"],"_links":{"self":[{"href":"https:\/\/isb-deutschland.com\/de\/wp-json\/wp\/v2\/pages\/681","targetHints":{"allow":["GET"]}}],"collection":[{"href":"https:\/\/isb-deutschland.com\/de\/wp-json\/wp\/v2\/pages"}],"about":[{"href":"https:\/\/isb-deutschland.com\/de\/wp-json\/wp\/v2\/types\/page"}],"author":[{"embeddable":true,"href":"https:\/\/isb-deutschland.com\/de\/wp-json\/wp\/v2\/users\/1"}],"replies":[{"embeddable":true,"href":"https:\/\/isb-deutschland.com\/de\/wp-json\/wp\/v2\/comments?post=681"}],"version-history":[{"count":0,"href":"https:\/\/isb-deutschland.com\/de\/wp-json\/wp\/v2\/pages\/681\/revisions"}],"up":[{"embeddable":true,"href":"https:\/\/isb-deutschland.com\/de\/wp-json\/wp\/v2\/pages\/1117"}],"wp:attachment":[{"href":"https:\/\/isb-deutschland.com\/de\/wp-json\/wp\/v2\/media?parent=681"}],"curies":[{"name":"wp","href":"https:\/\/api.w.org\/{rel}","templated":true}]}}