{"id":72,"date":"2026-01-15T10:33:55","date_gmt":"2026-01-15T09:33:55","guid":{"rendered":"https:\/\/isbdeutschland.wordpress.com\/?page_id=72"},"modified":"2026-05-07T19:01:22","modified_gmt":"2026-05-07T19:01:22","slug":"merchandise","status":"publish","type":"page","link":"https:\/\/isb-deutschland.com\/de\/merchandise\/","title":{"rendered":"Merchandise"},"content":{"rendered":"\r\n<div class=\"wp-block-group alignfull has-base-2-color has-text-color has-background has-link-color wp-elements-c5c7939e2ea5aef5ad5f81eac147b984 has-global-padding is-layout-constrained wp-block-group-is-layout-constrained\" style=\"background-color: #564744; padding-top: var(--wp--preset--spacing--10); padding-bottom: var(--wp--preset--spacing--10);\">\r\n<div class=\"wp-block-group alignwide is-vertical is-layout-flex wp-container-core-group-is-layout-fe9cc265 wp-block-group-is-layout-flex\">\r\n<p>Wir haben f\u00fcr euch Patches. Zeigt her eure Zugeh\u00f6rigkeit zum ISB-Deutschland und unterst\u00fctzt uns. Ein Patch kostet 10 Euro.<\/p>\r\n\r\n\r\n\r\n<p>Alle Bestellungen bitte mit St\u00fcckzahl per Mail an: <strong><a href=\"mailto:info@isb-deutschland.com\">info@isb-deutschland.com<\/a><\/strong><\/p>\r\n<\/div>\r\n<\/div>\r\n\r\n\r\n\r\n\r\n\r\n<div class=\"wp-block-group is-nowrap is-layout-flex wp-container-core-group-is-layout-6c531013 wp-block-group-is-layout-flex\">\r\n<figure class=\"wp-block-image size-medium\"><img loading=\"lazy\" decoding=\"async\" width=\"300\" height=\"287\" class=\"wp-image-1168\" src=\"https:\/\/isb-deutschland.com\/de\/wp-content\/uploads\/2026\/05\/isb-deutschland-patch_72-300x287.jpg\" alt=\"ISB Deutschland Patch\" srcset=\"https:\/\/isb-deutschland.com\/de\/wp-content\/uploads\/2026\/05\/isb-deutschland-patch_72-300x287.jpg 300w, https:\/\/isb-deutschland.com\/de\/wp-content\/uploads\/2026\/05\/isb-deutschland-patch_72-768x735.jpg 768w, https:\/\/isb-deutschland.com\/de\/wp-content\/uploads\/2026\/05\/isb-deutschland-patch_72.jpg 1021w\" sizes=\"auto, (max-width: 300px) 100vw, 300px\" \/>\r\n<figcaption class=\"wp-element-caption\">ISB Deutschland Patch mit Hakenklett &#8211; 10\u20ac.<\/figcaption>\r\n<\/figure>\r\n\r\n\r\n\r\n<figure class=\"wp-block-image size-medium\"><img loading=\"lazy\" decoding=\"async\" width=\"300\" height=\"300\" class=\"wp-image-1155\" style=\"aspect-ratio: 1; object-fit: cover;\" src=\"https:\/\/isb-deutschland.com\/de\/wp-content\/uploads\/2026\/05\/cropped-bundesverband-deutschland-e-v-300x300.png\" alt=\"Logo ISB Bundesverband Deutschland e.V.\" srcset=\"https:\/\/isb-deutschland.com\/de\/wp-content\/uploads\/2026\/05\/cropped-bundesverband-deutschland-e-v-300x300.png 300w, https:\/\/isb-deutschland.com\/de\/wp-content\/uploads\/2026\/05\/cropped-bundesverband-deutschland-e-v-150x150.png 150w, https:\/\/isb-deutschland.com\/de\/wp-content\/uploads\/2026\/05\/cropped-bundesverband-deutschland-e-v.png 512w\" sizes=\"auto, (max-width: 300px) 100vw, 300px\" \/>\r\n<figcaption class=\"wp-element-caption\">ISB Deutschland Aufkleber &#8211; 3\u20ac.<\/figcaption>\r\n<\/figure>\r\n<\/div>\r\n","protected":false},"excerpt":{"rendered":"<p>Wir haben f\u00fcr euch Patches. Zeigt her eure Zugeh\u00f6rigkeit zum ISB-Deutschland und unterst\u00fctzt uns. Ein Patch kostet 10 Euro. Alle Bestellungen bitte mit St\u00fcckzahl per Mail an: info@isb-deutschland.com<\/p>\n","protected":false},"author":1,"featured_media":0,"parent":0,"menu_order":0,"comment_status":"closed","ping_status":"closed","template":"","meta":{"footnotes":""},"class_list":["post-72","page","type-page","status-publish","hentry"],"_links":{"self":[{"href":"https:\/\/isb-deutschland.com\/de\/wp-json\/wp\/v2\/pages\/72","targetHints":{"allow":["GET"]}}],"collection":[{"href":"https:\/\/isb-deutschland.com\/de\/wp-json\/wp\/v2\/pages"}],"about":[{"href":"https:\/\/isb-deutschland.com\/de\/wp-json\/wp\/v2\/types\/page"}],"author":[{"embeddable":true,"href":"https:\/\/isb-deutschland.com\/de\/wp-json\/wp\/v2\/users\/1"}],"replies":[{"embeddable":true,"href":"https:\/\/isb-deutschland.com\/de\/wp-json\/wp\/v2\/comments?post=72"}],"version-history":[{"count":5,"href":"https:\/\/isb-deutschland.com\/de\/wp-json\/wp\/v2\/pages\/72\/revisions"}],"predecessor-version":[{"id":1297,"href":"https:\/\/isb-deutschland.com\/de\/wp-json\/wp\/v2\/pages\/72\/revisions\/1297"}],"wp:attachment":[{"href":"https:\/\/isb-deutschland.com\/de\/wp-json\/wp\/v2\/media?parent=72"}],"curies":[{"name":"wp","href":"https:\/\/api.w.org\/{rel}","templated":true}]}}