{"id":75,"date":"2026-01-15T10:35:02","date_gmt":"2026-01-15T09:35:02","guid":{"rendered":"https:\/\/isbdeutschland.wordpress.com\/?page_id=75"},"modified":"2026-01-15T10:35:02","modified_gmt":"2026-01-15T09:35:02","slug":"deutsches-waffenrecht","status":"publish","type":"page","link":"https:\/\/isb-deutschland.com\/de\/wissenswertes\/deutsches-waffenrecht\/","title":{"rendered":"Deutsches Waffenrecht"},"content":{"rendered":"\n<div class=\"wp-block-group alignfull has-base-2-color has-text-color has-background has-link-color wp-elements-7c9495c53481919436357b77fbf2dadf has-global-padding is-content-justification-center is-layout-constrained wp-container-core-group-is-layout-705b6eb7 wp-block-group-is-layout-constrained\" style=\"background-color:#564744;margin-top:0;margin-bottom:0;padding-top:var(--wp--preset--spacing--10);padding-right:var(--wp--preset--spacing--10);padding-bottom:var(--wp--preset--spacing--10);padding-left:var(--wp--preset--spacing--10)\">\n<div class=\"wp-block-group alignwide is-vertical is-content-justification-center is-layout-flex wp-container-core-group-is-layout-8eead05a wp-block-group-is-layout-flex\" style=\"margin-top:0;margin-bottom:0;padding-top:0;padding-right:0;padding-bottom:0;padding-left:0\">\n<p>Alles Wissenswerte \u00fcber aktuelle Vorschriften, Ausnahmen und legale M\u00f6glichkeiten in Deutschland.<\/p>\n<\/div>\n<\/div>\n\n\n\n<div class=\"wp-block-columns alignwide is-layout-flex wp-container-core-columns-is-layout-28f84493 wp-block-columns-is-layout-flex\">\n<div class=\"wp-block-column is-layout-flow wp-block-column-is-layout-flow\" style=\"flex-basis:40%\">\n<figure class=\"wp-block-image size-large\"><a href=\"https:\/\/isbdeutschland.wordpress.com\/wissenswertes\/deutsches-waffenrecht\/ausnahmegenehmigungen-magazine\/\"><img decoding=\"async\" src=\"https:\/\/isbdeutschland.wordpress.com\/wp-content\/uploads\/2026\/05\/30-schuss-magazine-in-magazintasche_72-dpi.jpg?w=1024\" alt=\"30-schuss-magazine-in-magazintasche\" class=\"wp-image-1327\" \/><\/a><figcaption class=\"wp-element-caption\">30 Schuss Magazine<\/figcaption><\/figure>\n<\/div>\n\n\n\n<div class=\"wp-block-column is-layout-flow wp-block-column-is-layout-flow\">\n<h2 class=\"wp-block-heading has-inter-font-family has-large-font-size\"><a href=\"https:\/\/isbdeutschland.wordpress.com\/wissenswertes\/deutsches-waffenrecht\/ausnahmegenehmigungen-magazine\/\">Ausnahmegenehmigungen f\u00fcr verbotene Magazine<\/a><\/h2>\n\n\n\n<p class=\"wp-container-content-0733e5d0\">Das deutsche Waffenrecht stuft Standardmagazine f\u00fcr Langwaffen \u00fcber 10 Schuss sowie Kurzwaffenmagazine \u00fcber 20 Schuss seit 2021 als verboten ein. F\u00fcr viele Sportsch\u00fctzen bedeutet das gro\u00dfe Schwierigkeiten bei internationalen Wettk\u00e4mpfen. Dieser Artikel erkl\u00e4rt, wie Sportsch\u00fctzen heute legal eine Ausnahmegenehmigung erhalten k\u00f6nnen.<br><a href=\"https:\/\/isbdeutschland.wordpress.com\/wissenswertes\/deutsches-waffenrecht\/ausnahmegenehmigungen-magazine\/\">Zum Beitrag \u00fcber die Ausnahmegenehmigung von verbotenen Magazinen<\/a><\/p>\n<\/div>\n<\/div>\n\n\n\n<div class=\"wp-block-cover alignfull is-light has-parallax\" style=\"padding-top:0;padding-right:0;padding-bottom:0;padding-left:0;min-height:50px;aspect-ratio:unset;\"><div class=\"wp-block-cover__image-background wp-image-994 size-full has-parallax\" style=\"background-position:50% 50%;background-image:url(https:\/\/isbdeutschland.wordpress.com\/wp-content\/uploads\/2026\/05\/bundesverband-deutschland-e-v-1.png)\"><\/div><span aria-hidden=\"true\" class=\"wp-block-cover__background has-base-background-color has-background-dim-70 has-background-dim\"><\/span><div class=\"wp-block-cover__inner-container has-global-padding is-layout-constrained wp-container-core-cover-is-layout-dedbb937 wp-block-cover-is-layout-constrained\">\n<div style=\"height:23px\" aria-hidden=\"true\" class=\"wp-block-spacer\"><\/div>\n<\/div><\/div>\n\n\n\n\n\n<div class=\"wp-block-cover alignfull is-light has-parallax\" style=\"margin-top:0;margin-bottom:0;padding-top:0;padding-right:0;padding-bottom:0;padding-left:0;min-height:78px;aspect-ratio:unset;\"><div class=\"wp-block-cover__image-background wp-image-994 size-full has-parallax\" style=\"background-position:50% 50%;background-image:url(https:\/\/isbdeutschland.wordpress.com\/wp-content\/uploads\/2026\/05\/bundesverband-deutschland-e-v-1.png)\"><\/div><span aria-hidden=\"true\" class=\"wp-block-cover__background has-base-background-color has-background-dim-70 has-background-dim\"><\/span><div class=\"wp-block-cover__inner-container has-global-padding is-layout-constrained wp-container-core-cover-is-layout-c3ac5a90 wp-block-cover-is-layout-constrained\">\n<div style=\"height:35px\" aria-hidden=\"true\" class=\"wp-block-spacer\"><\/div>\n<\/div><\/div>\n\n\n\n<p><\/p>\n","protected":false},"excerpt":{"rendered":"<p>Alles Wissenswerte \u00fcber aktuelle Vorschriften, Ausnahmen und legale M\u00f6glichkeiten in Deutschland. Ausnahmegenehmigungen f\u00fcr verbotene Magazine Das deutsche Waffenrecht stuft Standardmagazine f\u00fcr Langwaffen \u00fcber 10 Schuss sowie Kurzwaffenmagazine \u00fcber 20 Schuss seit 2021 als verboten ein. F\u00fcr viele Sportsch\u00fctzen bedeutet das gro\u00dfe Schwierigkeiten bei internationalen Wettk\u00e4mpfen. Dieser Artikel erkl\u00e4rt, wie Sportsch\u00fctzen heute legal eine Ausnahmegenehmigung erhalten [&hellip;]<\/p>\n","protected":false},"author":1,"featured_media":0,"parent":36,"menu_order":0,"comment_status":"closed","ping_status":"closed","template":"","meta":{"footnotes":""},"class_list":["post-75","page","type-page","status-publish","hentry"],"_links":{"self":[{"href":"https:\/\/isb-deutschland.com\/de\/wp-json\/wp\/v2\/pages\/75","targetHints":{"allow":["GET"]}}],"collection":[{"href":"https:\/\/isb-deutschland.com\/de\/wp-json\/wp\/v2\/pages"}],"about":[{"href":"https:\/\/isb-deutschland.com\/de\/wp-json\/wp\/v2\/types\/page"}],"author":[{"embeddable":true,"href":"https:\/\/isb-deutschland.com\/de\/wp-json\/wp\/v2\/users\/1"}],"replies":[{"embeddable":true,"href":"https:\/\/isb-deutschland.com\/de\/wp-json\/wp\/v2\/comments?post=75"}],"version-history":[{"count":0,"href":"https:\/\/isb-deutschland.com\/de\/wp-json\/wp\/v2\/pages\/75\/revisions"}],"up":[{"embeddable":true,"href":"https:\/\/isb-deutschland.com\/de\/wp-json\/wp\/v2\/pages\/36"}],"wp:attachment":[{"href":"https:\/\/isb-deutschland.com\/de\/wp-json\/wp\/v2\/media?parent=75"}],"curies":[{"name":"wp","href":"https:\/\/api.w.org\/{rel}","templated":true}]}}