{"id":89,"date":"2026-01-15T10:42:23","date_gmt":"2026-01-15T09:42:23","guid":{"rendered":"https:\/\/isbdeutschland.wordpress.com\/?page_id=89"},"modified":"2026-05-07T17:17:58","modified_gmt":"2026-05-07T17:17:58","slug":"mitglied-werden","status":"publish","type":"page","link":"https:\/\/isb-deutschland.com\/de\/ueber-uns\/mitglied-werden\/","title":{"rendered":"Mitglied werden"},"content":{"rendered":"\n<div class=\"wp-block-group alignfull has-base-2-color has-text-color has-background has-link-color wp-elements-7c24a112c00df47168018024f4ce9a56 has-global-padding is-content-justification-center is-layout-constrained wp-block-group-is-layout-constrained\" style=\"background-color:#564744;padding-top:var(--wp--preset--spacing--10);padding-bottom:var(--wp--preset--spacing--10)\">\n<div class=\"wp-block-group alignwide is-vertical is-content-justification-center is-layout-flex wp-container-core-group-is-layout-ce155fab wp-block-group-is-layout-flex\">\n<p class=\"has-text-align-center has-medium-font-size\"><strong>Gemeinsam f\u00fcr einen starken, modernen Schie\u00dfsport<\/strong>.<br>Der ISB-D steht allen Sportsch\u00fctzen, J\u00e4gern, Berufswaffentr\u00e4ger und Interessierten offen. <br>Hier findest du alle Informationen zu Mitgliedschaft, Kosten und Vorteilen.<\/p>\n<\/div>\n\n\n\n<div class=\"wp-block-columns alignwide has-contrast-color has-text-color has-background has-link-color wp-elements-9a98e26e6e78ffe62e9531e405424b7f is-layout-flex wp-container-core-columns-is-layout-65e523f9 wp-block-columns-is-layout-flex\" style=\"background-color:#f5f5f5\">\n<div class=\"wp-block-column is-vertically-aligned-top is-layout-flow wp-block-column-is-layout-flow\" style=\"flex-basis:40%\">\n<h2 class=\"wp-block-heading has-inter-font-family\">Wie kann mein Verein Mitglied werden?<\/h2>\n\n\n\n<ol class=\"wp-block-list\">\n<li><strong>Abstimmung intern: <\/strong>Wollen alle oder nur ein Teil des Vereins Mitglied werden?<\/li>\n\n\n\n<li>Verein unterschreibt die <strong>Beitrittserkl\u00e4rung<\/strong><\/li>\n\n\n\n<li>Den Antrag als <strong>E-Mail<\/strong> an <a href=\"mailto:beitritt@isb-deutschland.com\">beitritt@isb-deutschland.com<\/a> schicken<\/li>\n\n\n\n<li>Der Verein bekommt eine Best\u00e4tigung und wird geben seine <strong>Mitglieder mittels einer Tabelle<\/strong> zu weiter zu melden<\/li>\n\n\n\n<li>Mitglieder werden als mittelbare Mitglieder des ISB eingetragen<\/li>\n\n\n\n<li>Vorstand bekommt <strong>Mitgliedsurkunde<\/strong> und einzelnen <strong>Mitgliedsausweise<\/strong> der Mitglieder zugeschickt<\/li>\n<\/ol>\n<\/div>\n\n\n\n<div class=\"wp-block-column is-layout-flow wp-block-column-is-layout-flow\" style=\"flex-basis:30%\">\n<figure class=\"wp-block-image size-large\"><img loading=\"lazy\" decoding=\"async\" width=\"768\" height=\"1024\" src=\"https:\/\/isb-deutschland.com\/de\/wp-content\/uploads\/2026\/05\/knut-2026-isb-mitglieder-bereiten-sich-auf-schiessen-vor_72-768x1024.jpg\" alt=\"Knut 2026 ISB Mitglieder bereiten sich auf Schie\u00dfen vor\" class=\"wp-image-1172\" srcset=\"https:\/\/isb-deutschland.com\/de\/wp-content\/uploads\/2026\/05\/knut-2026-isb-mitglieder-bereiten-sich-auf-schiessen-vor_72-768x1024.jpg 768w, https:\/\/isb-deutschland.com\/de\/wp-content\/uploads\/2026\/05\/knut-2026-isb-mitglieder-bereiten-sich-auf-schiessen-vor_72-225x300.jpg 225w, https:\/\/isb-deutschland.com\/de\/wp-content\/uploads\/2026\/05\/knut-2026-isb-mitglieder-bereiten-sich-auf-schiessen-vor_72-1152x1536.jpg 1152w, https:\/\/isb-deutschland.com\/de\/wp-content\/uploads\/2026\/05\/knut-2026-isb-mitglieder-bereiten-sich-auf-schiessen-vor_72.jpg 1536w\" sizes=\"auto, (max-width: 768px) 100vw, 768px\" \/><\/figure>\n<\/div>\n\n\n\n<div class=\"wp-block-column is-vertically-aligned-top is-layout-flow wp-block-column-is-layout-flow\" style=\"flex-basis:30%\">\n<h2 class=\"wp-block-heading has-inter-font-family\">Wie kann ich Einzelmitglied werden?<\/h2>\n\n\n\n<div class=\"wp-block-group is-nowrap is-layout-flex wp-container-core-group-is-layout-6c531013 wp-block-group-is-layout-flex\">\n<p>Du f\u00fcllst einfach unsere Beitrittserkl\u00e4rung aus und schickst sie uns per Mail an:<br><a href=\"mailto:beitritt@isb-deutschland.com\">beitritt@isb-deutschland.com<\/a><\/p>\n<\/div>\n\n\n\n<p>Die <strong>Beitrittserkl\u00e4rung<\/strong> findest du hier:<\/p>\n\n\n\n<ul class=\"wp-block-list\">\n<li><a href=\"https:\/\/isb-shooting.com\/pdf-image\/pdf\/beitrittserklaerungen\/Beitrittserkl%C3%A4rung%20au%C3%9Ferordentliches%20Einzelmitglied.pdf\" target=\"_blank\" rel=\"noreferrer noopener\">Aufnahmeantrag_ISB-Deutschland_f\u00fcr_Einzelpersonen<\/a><\/li>\n\n\n\n<li><a href=\"https:\/\/isb-shooting.com\/pdf-image\/pdf\/beitrittserklaerungen\/Beitrittserkl%C3%A4rung_ISB-Deutschland_f%C3%BCr_Vereine.pdf\" target=\"_blank\" rel=\"noreferrer noopener\">Aufnahmeantrag_ISB-Deutschland_f\u00fcr_Vereine<\/a><\/li>\n<\/ul>\n\n\n\n<div class=\"wp-block-buttons is-layout-flex wp-block-buttons-is-layout-flex\">\n<div class=\"wp-block-button\"><a class=\"wp-block-button__link has-background wp-element-button\" href=\"mailto:beitritt@isb-deutschland.com\" style=\"background-color:#21a8e1\"><strong>Beitrittsmail schicken<\/strong><\/a><\/div>\n<\/div>\n<\/div>\n<\/div>\n<\/div>\n\n\n\n<div style=\"height:24px\" aria-hidden=\"true\" class=\"wp-block-spacer\"><\/div>\n\n\n\n<div class=\"wp-block-group alignwide is-nowrap is-layout-flex wp-container-core-group-is-layout-6c531013 wp-block-group-is-layout-flex\">\n<div class=\"wp-block-group alignwide is-vertical is-layout-flex wp-container-core-group-is-layout-f98cf28f wp-block-group-is-layout-flex\" style=\"border-style:none;border-width:0px;padding-top:0;padding-right:0;padding-bottom:0;padding-left:0\">\n<div class=\"wp-block-group is-nowrap is-layout-flex wp-container-core-group-is-layout-6c531013 wp-block-group-is-layout-flex\">\n<h2 class=\"wp-block-heading alignwide has-inter-font-family\">Kosten<\/h2>\n<\/div>\n\n\n\n<div class=\"wp-block-group is-nowrap is-layout-flex wp-container-core-group-is-layout-6c531013 wp-block-group-is-layout-flex\">\n<h3 class=\"wp-block-heading has-inter-font-family\">Was kostet die Mitgliedschaft?<\/h3>\n<\/div>\n\n\n\n<div class=\"wp-block-group is-nowrap is-layout-flex wp-container-core-group-is-layout-6c531013 wp-block-group-is-layout-flex\">\n<p>Die Kosten der Mitgliedschaft ergeben sich aus der aktuellen Beitragsordnung. <br>Diese findest du hier: <a href=\"https:\/\/isb-shooting.com\/pdf-image\/pdf\/Beitragsordnung%20des%20ISB%20Deutschland_31.10.2024.pdf\" target=\"_blank\" rel=\"noreferrer noopener\">Beitragsordnung_ISB-Deutschland<\/a><\/p>\n<\/div>\n\n\n\n<div class=\"wp-block-group alignfull has-background is-vertical is-layout-flex wp-container-core-group-is-layout-8c1edb4f wp-block-group-is-layout-flex\" style=\"border-width:1px;background-color:#fff3cd;padding-top:var(--wp--preset--spacing--10);padding-right:var(--wp--preset--spacing--10);padding-bottom:var(--wp--preset--spacing--10);padding-left:var(--wp--preset--spacing--10)\">\n<p><strong>ACHTUNG:<\/strong><\/p>\n\n\n\n<div class=\"wp-block-group is-nowrap is-layout-flex wp-container-core-group-is-layout-6c531013 wp-block-group-is-layout-flex\">\n<p>Bis zur vollst\u00e4ndigen Anerkennung als Bundesverband ist die Mitgliedschaft kostenlos.&nbsp;<br>Es f\u00e4llt lediglich 1\u20ac pro Jahr an Versicherungsgeb\u00fchr sowie einmalige Aufnahmegeb\u00fchren in&nbsp;H\u00f6he von 16 \u20ac an.&nbsp;<br>Daf\u00fcr erh\u00e4ltst du deinen Sch\u00fctzenausweis sowie dein Schie\u00dfbuch.<\/p>\n<\/div>\n<\/div>\n\n\n\n<div class=\"wp-block-columns is-layout-flex wp-container-core-columns-is-layout-28f84493 wp-block-columns-is-layout-flex\">\n<div class=\"wp-block-column is-layout-flow wp-block-column-is-layout-flow\" style=\"flex-basis:45%\">\n<div class=\"wp-block-group is-nowrap is-layout-flex wp-container-core-group-is-layout-6c531013 wp-block-group-is-layout-flex\">\n<h3 class=\"wp-block-heading has-inter-font-family\">Was kostet die Mitgliedschaft f\u00fcr Vereine?<\/h3>\n<\/div>\n\n\n\n<div class=\"wp-block-group is-nowrap is-layout-flex wp-container-core-group-is-layout-6c531013 wp-block-group-is-layout-flex\">\n<p>Vereine selbst bezahlen im ISB-D aktuell keinen Beitrag.&nbsp;Pro gemeldetem Mitglied werden Aufnahmegeb\u00fchren gem\u00e4\u00df der Beitragsordnung berechnet. Der Versicherungsbeitrag in H\u00f6he von 1\u20ac pro Mitglied wird j\u00e4hrlich f\u00e4llig. <br>Die Abrechnung der Mitglieder l\u00e4uft \u00fcber den Verein.&nbsp;Ihr m\u00fcsst kein eingetragener Verein sein, um dem ISB-D als Verein beizutreten.<\/p>\n<\/div>\n<\/div>\n\n\n\n<div class=\"wp-block-column is-layout-flow wp-block-column-is-layout-flow\" style=\"flex-basis:69.1%\">\n<div class=\"wp-block-group is-vertical is-layout-flex wp-container-core-group-is-layout-fe9cc265 wp-block-group-is-layout-flex\">\n<h3 class=\"wp-block-heading has-inter-font-family\">Was kostet die Mitgliedschaft f\u00fcr<br>Unternehmen?<\/h3>\n\n\n\n<div class=\"wp-block-group is-nowrap is-layout-flex wp-container-core-group-is-layout-6c531013 wp-block-group-is-layout-flex\">\n<p>Unsere Partnerfirmen bezahlen anstatt eines Mitgliedsbeitrages ein j\u00e4hrliches Werbepaket. Dieses Werbepaket ist von der Steuer absetzbar. Somit entstehen Ihnen keine Kosten durch eine Mitgliedschaft im ISB.&nbsp;Ihr Unternehmen bekommt durch die Werbepakete weitere Kunden, w\u00e4hrend der ISB dadurch neue Mitglieder&nbsp;bekommt. Eine Win-Win Situation f\u00fcr beide Partner.<br>Kleinunternehmer m\u00fcssen kein Werbepaket abnehmen.&nbsp;<br>Wir sind auch an anderweitigen Kooperationen interessiert, die nicht die Mitgliedschaft im ISB vorraussetzen.<\/p>\n<\/div>\n<\/div>\n<\/div>\n<\/div>\n<\/div>\n<\/div>\n\n\n\n<div style=\"height:24px\" aria-hidden=\"true\" class=\"wp-block-spacer\"><\/div>\n\n\n\n<div class=\"wp-block-group alignfull has-background has-global-padding is-content-justification-center is-layout-constrained wp-block-group-is-layout-constrained\" style=\"background-color:#84b5de\">\n<div class=\"wp-block-media-text alignwide has-media-on-the-right is-stacked-on-mobile\" style=\"padding-top:0;padding-bottom:0;grid-template-columns:auto 33%\"><div class=\"wp-block-media-text__content\">\n<div class=\"wp-block-group alignwide has-inter-font-family is-vertical is-content-justification-left is-layout-flex wp-container-core-group-is-layout-f1d4583f wp-block-group-is-layout-flex\" style=\"padding-top:0;padding-right:0;padding-bottom:0;padding-left:0\">\n<div class=\"wp-block-group is-nowrap is-layout-flex wp-container-core-group-is-layout-6c531013 wp-block-group-is-layout-flex\">\n<h2 class=\"wp-block-heading alignwide has-inter-font-family\">Kann ich selbst aktiv werden? JA!&nbsp;<\/h2>\n<\/div>\n\n\n\n<p>Wir suchen aktuell immer helfende H\u00e4nde. Gerne auch Vereine oder Firmen, die uns aktiv unterst\u00fctzen wollen.<\/p>\n\n\n\n<div class=\"wp-block-group is-nowrap is-layout-flex wp-container-core-group-is-layout-6c531013 wp-block-group-is-layout-flex\">\n<ul class=\"wp-block-list is-style-checkmark-list\">\n<li>Wenn sich dein Verein vollst\u00e4ndig oder teilweise dem ISB-D anschlie\u00dfen will,<\/li>\n\n\n\n<li>wenn du mit deinem Verein Events oder Wettbewerbe nach der Sportordnung des ISB-D organisieren m\u00f6chtest,<\/li>\n\n\n\n<li>wenn du auf Social Media Inhalte \u00fcber den Schie\u00dfsport erstellen m\u00f6chtest,<\/li>\n\n\n\n<li>wenn du Ideen oder Anregungen f\u00fcr neue Disziplinen oder die aktuelle Sportordnung hast, <\/li>\n\n\n\n<li>wenn du Reviews \u00fcber Waffen oder Newsletter schreiben m\u00f6chtest, <\/li>\n<\/ul>\n<\/div>\n\n\n\n<p><strong>&#8211;&gt; dann melde dich bei uns! <a href=\"mailto:info@isb-deutschland.com\">info@isb-deutschland.com<\/a>!<\/strong><\/p>\n<\/div>\n<\/div><figure class=\"wp-block-media-text__media\"><img loading=\"lazy\" decoding=\"async\" width=\"819\" height=\"1024\" src=\"https:\/\/isb-deutschland.com\/de\/wp-content\/uploads\/2026\/05\/isb-sucht-mitgiedmanager-wettkampfleiter-und-social-media-manager-819x1024.jpeg\" alt=\"ISB sucht Mitgliedmanager Wettkampfleiter und Social Media Manager\" class=\"wp-image-1157 size-full\" srcset=\"https:\/\/isb-deutschland.com\/de\/wp-content\/uploads\/2026\/05\/isb-sucht-mitgiedmanager-wettkampfleiter-und-social-media-manager-819x1024.jpeg 819w, https:\/\/isb-deutschland.com\/de\/wp-content\/uploads\/2026\/05\/isb-sucht-mitgiedmanager-wettkampfleiter-und-social-media-manager-240x300.jpeg 240w, https:\/\/isb-deutschland.com\/de\/wp-content\/uploads\/2026\/05\/isb-sucht-mitgiedmanager-wettkampfleiter-und-social-media-manager-768x960.jpeg 768w, https:\/\/isb-deutschland.com\/de\/wp-content\/uploads\/2026\/05\/isb-sucht-mitgiedmanager-wettkampfleiter-und-social-media-manager.jpeg 1080w\" sizes=\"auto, (max-width: 819px) 100vw, 819px\" \/><\/figure><\/div>\n<\/div>\n\n\n\n<div style=\"height:25px\" aria-hidden=\"true\" class=\"wp-block-spacer\"><\/div>\n\n\n\n<div class=\"wp-block-group alignwide has-base-color has-text-color has-background has-link-color wp-elements-a544512a0cdfed9b4f3f1566ce4374a4 has-global-padding is-layout-constrained wp-container-core-group-is-layout-d5d53815 wp-block-group-is-layout-constrained\" style=\"background-color:#323232;margin-top:0;margin-bottom:0;padding-top:var(--wp--preset--spacing--30);padding-right:var(--wp--preset--spacing--30);padding-bottom:var(--wp--preset--spacing--30);padding-left:var(--wp--preset--spacing--30)\">\n<h2 class=\"wp-block-heading alignwide has-base-color has-text-color has-link-color has-inter-font-family has-xx-large-font-size wp-elements-0f293b9e8f49491eef91dfe95182c39a\" style=\"letter-spacing:-0.02em\">FAQ<\/h2>\n\n\n\n<div class=\"wp-block-group alignwide is-layout-flow wp-block-group-is-layout-flow\">\n<hr class=\"wp-block-separator has-text-color has-base-color has-alpha-channel-opacity has-base-background-color has-background is-style-wide\" style=\"margin-top:var(--wp--preset--spacing--30);margin-bottom:var(--wp--preset--spacing--30)\"\/>\n\n\n\n<h3 class=\"wp-block-heading alignwide has-base-2-color has-text-color has-link-color has-inter-font-family has-large-font-size wp-elements-776bbe16c19d7aa7adde05bb3efe0b2b\"><strong>Ist der ISB-D schon ein in Deutschland waffenrechtlich anerkannter Verband?<\/strong><\/h3>\n\n\n\n<p class=\"has-contrast-1-color has-text-color has-link-color wp-elements-c90b7a08723b388ec22c90a2baf4d41c\"><strong>Nein. <\/strong>Aktuell befinden wir uns in Deutschland noch im Aufbau. Gemeinsam haben wir schon viel erreicht und arbeiten stetig weiter.&nbsp;Das n\u00e4chste gro\u00dfe Ziel ist die waffenrechtliche Anerkennung als Verband und unserer Schie\u00dfsportordnung durch das BVA. Bis dahin wird kein Mitgliedsbeitrag im ISB-D erhoben. <\/p>\n\n\n\n<hr class=\"wp-block-separator has-text-color has-base-color has-alpha-channel-opacity has-base-background-color has-background is-style-wide\" style=\"margin-top:var(--wp--preset--spacing--30);margin-bottom:var(--wp--preset--spacing--30)\"\/>\n\n\n\n<h3 class=\"wp-block-heading alignwide has-base-2-color has-text-color has-link-color has-inter-font-family wp-elements-648848ba0572e5a67c4bee55d3a6654f\"><strong>Kann der ISB-D bereits Bed\u00fcrfnisse bef\u00fcrworten?<\/strong><\/h3>\n\n\n\n<p class=\"has-contrast-1-color has-text-color has-link-color wp-elements-25b164be4da9e44ca61cdc8ffedd95ec\"><strong>Noch nicht.<\/strong> Bis zur Erzielung der gesetzlichen Vorgaben aus dem Waffenrecht ist noch Einiges zu tun. Aktuell sind wir deshalb noch nicht berechtigt Bed\u00fcrfnisse zu bef\u00fcrworten. Bis wir dazu in der Lage sind wird kein Mitgliedsbeitrag im ISB-D erhoben.<\/p>\n\n\n\n<hr class=\"wp-block-separator has-text-color has-base-color has-alpha-channel-opacity has-base-background-color has-background is-style-wide\" style=\"margin-top:var(--wp--preset--spacing--30);margin-bottom:var(--wp--preset--spacing--30)\"\/>\n\n\n\n<h3 class=\"wp-block-heading alignwide has-base-2-color has-text-color has-link-color has-inter-font-family wp-elements-e025c2df115f15c04b2413ae10b55e4d\"><strong>Was deckt die Versicherung ab?<\/strong><\/h3>\n\n\n\n<p class=\"has-contrast-1-color has-text-color has-link-color wp-elements-2b29957a042dcf4bba534a9ec4134fe3\">Der j\u00e4hrliche Versicherungsbeitrag \u00fcber 1 \u20ac deckt alle Aktivit\u00e4ten beim ISB-D ab.&nbsp;Zudem sind die Teilnahmen an internationalen Wettk\u00e4mpfen und Veranstaltungen im Ausland mitversichert.&nbsp;<\/p>\n\n\n\n<hr class=\"wp-block-separator has-text-color has-base-color has-alpha-channel-opacity has-base-background-color has-background is-style-wide\" style=\"margin-top:var(--wp--preset--spacing--30);margin-bottom:var(--wp--preset--spacing--30)\"\/>\n\n\n\n<h3 class=\"wp-block-heading alignwide has-base-2-color has-text-color has-link-color has-inter-font-family wp-elements-24530b3189490b167686a1ea2c57eb01\"><strong>Ben\u00f6tigst du einen Sch\u00fctzenverein?<\/strong><\/h3>\n\n\n\n<p class=\"has-contrast-1-color has-text-color has-link-color wp-elements-fc0491bebd6be063545d34ddd147d94b\"><strong>Sinnvollerweise ja.<\/strong> F\u00fcr schie\u00dfsportliche Anf\u00e4nger ergibt es Sinn sich einem Verein anzuschlie\u00dfen, der zus\u00e4tzlich zum ISB-D auch noch die Mitgliedschaft in einem anderen, anerkannten Schie\u00dfsportverband erm\u00f6glicht.<br>Eine ausschlie\u00dfliche Mitgliedschaft im ISB-D ist bis zur Anerkennung als Verband f\u00fcr aktive Sch\u00fctzen nicht sinnvoll, da ihr noch keine Waffen \u00fcber uns beantragen k\u00f6nnt.<\/p>\n\n\n\n<hr class=\"wp-block-separator has-text-color has-base-color has-alpha-channel-opacity has-base-background-color has-background is-style-wide\" style=\"margin-top:var(--wp--preset--spacing--30);margin-bottom:var(--wp--preset--spacing--30)\"\/>\n\n\n\n<h3 class=\"wp-block-heading alignwide has-base-2-color has-text-color has-link-color has-inter-font-family wp-elements-31e40bd188000ae5732d347fdf3b0e2b\"><strong>Ich bin bereits in einem anderen Verband.<\/strong><\/h3>\n\n\n\n<p class=\"has-contrast-1-color has-text-color has-link-color wp-elements-9747c9a969674a29a91bfeb852070d54\"><strong>Sehr gut!<\/strong> Nur gemeinsam sind wir stark! Eine Mitgliedschaft in mehreren Verb\u00e4nden ist sinnvoll!&nbsp;<br>Der ISB-D erkennt i.d.R. auch alle Standaufsichten oder Schie\u00dfleiter-Ausbildungen anderer Verb\u00e4nde an.<\/p>\n\n\n\n<div style=\"margin-top:var(--wp--preset--spacing--10);margin-bottom:0;height:var(--wp--preset--spacing--10)\" aria-hidden=\"true\" class=\"wp-block-spacer\"><\/div>\n<\/div>\n<\/div>\n","protected":false},"excerpt":{"rendered":"<p>Gemeinsam f\u00fcr einen starken, modernen Schie\u00dfsport.Der ISB-D steht allen Sportsch\u00fctzen, J\u00e4gern, Berufswaffentr\u00e4ger und Interessierten offen. Hier findest du alle Informationen zu Mitgliedschaft, Kosten und Vorteilen. Wie kann mein Verein Mitglied werden? Wie kann ich Einzelmitglied werden? Du f\u00fcllst einfach unsere Beitrittserkl\u00e4rung aus und schickst sie uns per Mail an:beitritt@isb-deutschland.com Die Beitrittserkl\u00e4rung findest du hier: Kosten [&hellip;]<\/p>\n","protected":false},"author":1,"featured_media":0,"parent":34,"menu_order":0,"comment_status":"closed","ping_status":"closed","template":"","meta":{"footnotes":""},"class_list":["post-89","page","type-page","status-publish","hentry"],"_links":{"self":[{"href":"https:\/\/isb-deutschland.com\/de\/wp-json\/wp\/v2\/pages\/89","targetHints":{"allow":["GET"]}}],"collection":[{"href":"https:\/\/isb-deutschland.com\/de\/wp-json\/wp\/v2\/pages"}],"about":[{"href":"https:\/\/isb-deutschland.com\/de\/wp-json\/wp\/v2\/types\/page"}],"author":[{"embeddable":true,"href":"https:\/\/isb-deutschland.com\/de\/wp-json\/wp\/v2\/users\/1"}],"replies":[{"embeddable":true,"href":"https:\/\/isb-deutschland.com\/de\/wp-json\/wp\/v2\/comments?post=89"}],"version-history":[{"count":2,"href":"https:\/\/isb-deutschland.com\/de\/wp-json\/wp\/v2\/pages\/89\/revisions"}],"predecessor-version":[{"id":1252,"href":"https:\/\/isb-deutschland.com\/de\/wp-json\/wp\/v2\/pages\/89\/revisions\/1252"}],"up":[{"embeddable":true,"href":"https:\/\/isb-deutschland.com\/de\/wp-json\/wp\/v2\/pages\/34"}],"wp:attachment":[{"href":"https:\/\/isb-deutschland.com\/de\/wp-json\/wp\/v2\/media?parent=89"}],"curies":[{"name":"wp","href":"https:\/\/api.w.org\/{rel}","templated":true}]}}